



{"id":2526,"date":"2020-03-04T04:45:33","date_gmt":"2020-03-04T09:45:33","guid":{"rendered":"http:\/\/rossadvisory.ca\/?page_id=2526"},"modified":"2020-07-21T10:59:31","modified_gmt":"2020-07-21T15:59:31","slug":"blog","status":"publish","type":"page","link":"https:\/\/rossadvisory.ca\/es\/blog\/","title":{"rendered":"Blog"},"content":{"rendered":"<p>[et_pb_section fb_built=\u00bb1&#8243; admin_label=\u00bb190728-Row-Header-Banner\u00bb _builder_version=\u00bb3.22.7&#8243; background_image=\u00bbhttps:\/\/rossadvisory.ca\/wp-content\/uploads\/2019\/07\/blog-bg-940&#215;198.png\u00bb background_position=\u00bbtop_center\u00bb custom_margin=\u00bb0px||\u00bb custom_padding=\u00bb64px||56px|||\u00bb mix_blend_mode=\u00bbmultiply\u00bb saved_tabs=\u00bball\u00bb][et_pb_row use_custom_gutter=\u00bbon\u00bb gutter_width=\u00bb1&#8243; make_equal=\u00bbon\u00bb _builder_version=\u00bb3.25&#8243; width=\u00bb100%\u00bb custom_margin=\u00bb0px||0px|\u00bb custom_padding=\u00bb0px||0px\u00bb][et_pb_column type=\u00bb4_4&#8243; _builder_version=\u00bb3.25&#8243; custom_padding=\u00bb|||\u00bb custom_padding__hover=\u00bb|||\u00bb][et_pb_post_title meta=\u00bboff\u00bb featured_image=\u00bboff\u00bb _builder_version=\u00bb3.22.7&#8243; title_font=\u00bb|700||on|||||\u00bb title_text_align=\u00bbcenter\u00bb title_text_color=\u00bb#ffffff\u00bb title_font_size=\u00bb56px\u00bb title_line_height=\u00bb1.1em\u00bb title_font_size_tablet=\u00bb40px\u00bb title_font_size_phone=\u00bb32px\u00bb title_font_size_last_edited=\u00bbon|phone\u00bb][\/et_pb_post_title][et_pb_divider color=\u00bb#2b87da\u00bb divider_weight=\u00bb4px\u00bb _builder_version=\u00bb3.22.2&#8243; width=\u00bb10%\u00bb width_tablet=\u00bb10%\u00bb width_phone=\u00bb15%\u00bb width_last_edited=\u00bbon|desktop\u00bb module_alignment=\u00bbcenter\u00bb height=\u00bb0px\u00bb custom_margin=\u00bb0px|45%|10px|45%||true\u00bb custom_margin_tablet=\u00bb\u00bb custom_margin_phone=\u00bb|42.5%||42.5%||true\u00bb custom_margin_last_edited=\u00bbon|desktop\u00bb custom_padding=\u00bb0px||0px\u00bb][\/et_pb_divider][\/et_pb_column][\/et_pb_row][\/et_pb_section][et_pb_section fb_built=\u00bb1&#8243; use_custom_gutter=\u00bbon\u00bb gutter_width=\u00bb2&#8243; specialty=\u00bbon\u00bb _builder_version=\u00bb3.22.7&#8243;][et_pb_column type=\u00bb2_3&#8243; specialty_columns=\u00bb2&#8243; _builder_version=\u00bb3.25&#8243; custom_padding=\u00bb|||\u00bb custom_padding__hover=\u00bb|||\u00bb][et_pb_row_inner _builder_version=\u00bb3.25&#8243;][et_pb_column_inner saved_specialty_column_type=\u00bb2_3&#8243; _builder_version=\u00bb3.25&#8243; custom_padding=\u00bb|||\u00bb custom_padding__hover=\u00bb|||\u00bb][et_pb_text _builder_version=\u00bb4.3.4&#8243; header_2_font=\u00bb|700|||||||\u00bb header_2_font_size=\u00bb21px\u00bb header_2_line_height=\u00bb24px\u00bb]<\/p>\n<h2 class=\"entry-title\"><a href=\"https:\/\/rossadvisory.ca\/es\/propuesta-de-renegociacion-de-deuda-quiebra-agentes-inmobiliarios-y-reco\/\">PROPUESTA DE RENEGOCIACI\u00d3N DE DEUDA, QUIEBRA, AGENTES INMOBILIARIOS Y RECO<\/a><\/h2>\n<div class=\"post-content\">\n<div class=\"post-content-inner\">\n<p>Con frecuencia, hablamos con agentes inmobiliarios y corredores de propiedades que enfrentan dificultades financieras. Aunque ansiosos por eliminar su deuda, los agentes inmobiliarios normalmente desean saber el efecto que tendr\u00e1 una propuesta de renegociaci\u00f3n de&#8230;<\/p>\n<\/div>\n<\/div>\n<p>[\/et_pb_text][et_pb_button button_url=\u00bbhttps:\/\/rossadvisory.ca\/es\/propuesta-de-renegociacion-de-deuda-quiebra-agentes-inmobiliarios-y-reco\/\u00bb button_text=\u00bbM\u00e1s informaci\u00f3n\u00bb _builder_version=\u00bb4.3.4&#8243; custom_button=\u00bbon\u00bb button_text_color=\u00bb#005d9d\u00bb button_bg_color=\u00bb#ffffff\u00bb button_use_icon=\u00bboff\u00bb button_bg_color__hover_enabled=\u00bbon|desktop\u00bb button_text_color__hover_enabled=\u00bbon|hover\u00bb button_text_color__hover=\u00bb#ffffff\u00bb button_bg_color__hover=\u00bb#005d9d\u00bb button_bg_enable_color__hover=\u00bbon\u00bb][\/et_pb_button][et_pb_text _builder_version=\u00bb4.3.4&#8243; header_2_font=\u00bb|700|||||||\u00bb header_2_font_size=\u00bb21px\u00bb header_2_line_height=\u00bb24px\u00bb custom_margin=\u00bb32px||||false|false\u00bb]<\/p>\n<h2 class=\"entry-title\"><a href=\"https:\/\/rossadvisory.ca\/es\/responsabilidad-del-director-eliminada\/\">RESPONSABILIDAD DEL DIRECTOR ELIMINADA<\/a><\/h2>\n<p>Empresa constructora elimina su deuda con la CRA Hace algunos meses, Carlos (nombre ficticio) acudi\u00f3 a nuestras oficinas. Carlos era propietario de dos empresas contratistas que prestaban servicios de alba\u00f1iler\u00eda y mamposter\u00eda a constructores de viviendas. Con el&#8230;<\/p>\n<p>[\/et_pb_text][et_pb_button button_url=\u00bbhttps:\/\/rossadvisory.ca\/es\/responsabilidad-del-director-eliminada\/\u00bb button_text=\u00bbM\u00e1s informaci\u00f3n\u00bb _builder_version=\u00bb4.3.4&#8243; custom_button=\u00bbon\u00bb button_text_color=\u00bb#005d9d\u00bb button_bg_color=\u00bb#ffffff\u00bb button_use_icon=\u00bboff\u00bb button_bg_color__hover_enabled=\u00bbon|desktop\u00bb button_text_color__hover_enabled=\u00bbon|hover\u00bb button_text_color__hover=\u00bb#ffffff\u00bb button_bg_color__hover=\u00bb#005d9d\u00bb button_bg_enable_color__hover=\u00bbon\u00bb][\/et_pb_button][et_pb_text _builder_version=\u00bb4.3.4&#8243; header_2_font=\u00bb|700|||||||\u00bb header_2_font_size=\u00bb21px\u00bb header_2_line_height=\u00bb24px\u00bb custom_margin=\u00bb32px||||false|false\u00bb]<\/p>\n<h2 class=\"entry-title\"><a href=\"https:\/\/rossadvisory.ca\/es\/que-es-la-responsabilidad-del-director\/\">\u00bfQU\u00c9 ES LA RESPONSABILIDAD DEL DIRECTOR?<\/a><\/h2>\n<p>De manera frecuente, conversamos con personas que han recibido cobros personales de la CRA por deudas tributarias que no han pagado sus corporaciones.\u00a0 La historia suele ser as\u00ed:Un d\u00eda, Javier recibe en su hogar una carta de la CRA. En ella, se le indica que debe&#8230;<\/p>\n<p>[\/et_pb_text][et_pb_button button_url=\u00bbhttps:\/\/rossadvisory.ca\/es\/que-es-la-responsabilidad-del-director\/\u00bb button_text=\u00bbM\u00e1s informaci\u00f3n\u00bb _builder_version=\u00bb4.3.4&#8243; custom_button=\u00bbon\u00bb button_text_color=\u00bb#005d9d\u00bb button_bg_color=\u00bb#ffffff\u00bb button_use_icon=\u00bboff\u00bb button_bg_color__hover_enabled=\u00bbon|desktop\u00bb button_text_color__hover_enabled=\u00bbon|hover\u00bb button_text_color__hover=\u00bb#ffffff\u00bb button_bg_color__hover=\u00bb#005d9d\u00bb button_bg_enable_color__hover=\u00bbon\u00bb][\/et_pb_button][\/et_pb_column_inner][\/et_pb_row_inner][\/et_pb_column][et_pb_column type=\u00bb1_3&#8243; _builder_version=\u00bb3.25&#8243; custom_padding=\u00bb|||\u00bb custom_padding__hover=\u00bb|||\u00bb][et_pb_sidebar area=\u00bbet_pb_widget_area_2&#8243; _builder_version=\u00bb3.26.5&#8243;][\/et_pb_sidebar][et_pb_sidebar _builder_version=\u00bb3.22.7&#8243;][\/et_pb_sidebar][\/et_pb_column][\/et_pb_section]<\/p>\n","protected":false},"excerpt":{"rendered":"<p>PROPUESTA DE RENEGOCIACI\u00d3N DE DEUDA, QUIEBRA, AGENTES INMOBILIARIOS Y RECO Con frecuencia, hablamos con agentes inmobiliarios y corredores de propiedades que enfrentan dificultades financieras. Aunque ansiosos por eliminar su deuda, los agentes inmobiliarios normalmente desean saber el efecto que tendr\u00e1 una propuesta de renegociaci\u00f3n de&#8230; RESPONSABILIDAD DEL DIRECTOR ELIMINADA Empresa constructora elimina su deuda con [&hellip;]<\/p>\n","protected":false},"author":2,"featured_media":2527,"parent":0,"menu_order":0,"comment_status":"closed","ping_status":"closed","template":"","meta":{"_et_pb_use_builder":"on","_et_pb_old_content":"","_et_gb_content_width":"","footnotes":""},"wf_page_folders":[],"class_list":["post-2526","page","type-page","status-publish","has-post-thumbnail","hentry"],"yoast_head":"<!-- This site is optimized with the Yoast SEO plugin v27.3 - https:\/\/yoast.com\/product\/yoast-seo-wordpress\/ -->\n<title>Blog - Ross Advisory Group<\/title>\n<meta name=\"robots\" content=\"index, follow, max-snippet:-1, max-image-preview:large, max-video-preview:-1\" \/>\n<link rel=\"canonical\" href=\"https:\/\/rossadvisory.ca\/es\/blog\/\" \/>\n<meta property=\"og:locale\" content=\"es_ES\" \/>\n<meta property=\"og:type\" content=\"article\" \/>\n<meta property=\"og:title\" content=\"Blog - Ross Advisory Group\" \/>\n<meta property=\"og:description\" content=\"PROPUESTA DE RENEGOCIACI\u00d3N DE DEUDA, QUIEBRA, AGENTES INMOBILIARIOS Y RECO Con frecuencia, hablamos con agentes inmobiliarios y corredores de propiedades que enfrentan dificultades financieras. Aunque ansiosos por eliminar su deuda, los agentes inmobiliarios normalmente desean saber el efecto que tendr\u00e1 una propuesta de renegociaci\u00f3n de... RESPONSABILIDAD DEL DIRECTOR ELIMINADA Empresa constructora elimina su deuda con [&hellip;]\" \/>\n<meta property=\"og:url\" content=\"https:\/\/rossadvisory.ca\/es\/blog\/\" \/>\n<meta property=\"og:site_name\" content=\"Ross Advisory Group\" \/>\n<meta property=\"article:publisher\" content=\"https:\/\/www.facebook.com\/rossadvisory\" \/>\n<meta property=\"article:modified_time\" content=\"2020-07-21T15:59:31+00:00\" \/>\n<meta property=\"og:image\" content=\"https:\/\/rossadvisory.ca\/wp-content\/uploads\/2016\/08\/blog-bg.png\" \/>\n\t<meta property=\"og:image:width\" content=\"1600\" \/>\n\t<meta property=\"og:image:height\" content=\"312\" \/>\n\t<meta property=\"og:image:type\" content=\"image\/png\" \/>\n<meta name=\"twitter:card\" content=\"summary_large_image\" \/>\n<meta name=\"twitter:site\" content=\"@RossAdvisory\" \/>\n<meta name=\"twitter:label1\" content=\"Tiempo de lectura\" \/>\n\t<meta name=\"twitter:data1\" content=\"3 minutos\" \/>\n<script type=\"application\/ld+json\" class=\"yoast-schema-graph\">{\"@context\":\"https:\\\/\\\/schema.org\",\"@graph\":[{\"@type\":\"WebPage\",\"@id\":\"https:\\\/\\\/rossadvisory.ca\\\/es\\\/blog\\\/\",\"url\":\"https:\\\/\\\/rossadvisory.ca\\\/es\\\/blog\\\/\",\"name\":\"Blog - Ross Advisory Group\",\"isPartOf\":{\"@id\":\"https:\\\/\\\/rossadvisory.ca\\\/es\\\/#website\"},\"primaryImageOfPage\":{\"@id\":\"https:\\\/\\\/rossadvisory.ca\\\/es\\\/blog\\\/#primaryimage\"},\"image\":{\"@id\":\"https:\\\/\\\/rossadvisory.ca\\\/es\\\/blog\\\/#primaryimage\"},\"thumbnailUrl\":\"https:\\\/\\\/rossadvisory.ca\\\/wp-content\\\/uploads\\\/2016\\\/08\\\/blog-bg.png\",\"datePublished\":\"2020-03-04T09:45:33+00:00\",\"dateModified\":\"2020-07-21T15:59:31+00:00\",\"breadcrumb\":{\"@id\":\"https:\\\/\\\/rossadvisory.ca\\\/es\\\/blog\\\/#breadcrumb\"},\"inLanguage\":\"es\",\"potentialAction\":[{\"@type\":\"ReadAction\",\"target\":[\"https:\\\/\\\/rossadvisory.ca\\\/es\\\/blog\\\/\"]}]},{\"@type\":\"ImageObject\",\"inLanguage\":\"es\",\"@id\":\"https:\\\/\\\/rossadvisory.ca\\\/es\\\/blog\\\/#primaryimage\",\"url\":\"https:\\\/\\\/rossadvisory.ca\\\/wp-content\\\/uploads\\\/2016\\\/08\\\/blog-bg.png\",\"contentUrl\":\"https:\\\/\\\/rossadvisory.ca\\\/wp-content\\\/uploads\\\/2016\\\/08\\\/blog-bg.png\",\"width\":1600,\"height\":312},{\"@type\":\"BreadcrumbList\",\"@id\":\"https:\\\/\\\/rossadvisory.ca\\\/es\\\/blog\\\/#breadcrumb\",\"itemListElement\":[{\"@type\":\"ListItem\",\"position\":1,\"name\":\"Home\",\"item\":\"https:\\\/\\\/rossadvisory.ca\\\/es\\\/\"},{\"@type\":\"ListItem\",\"position\":2,\"name\":\"Blog\"}]},{\"@type\":\"WebSite\",\"@id\":\"https:\\\/\\\/rossadvisory.ca\\\/es\\\/#website\",\"url\":\"https:\\\/\\\/rossadvisory.ca\\\/es\\\/\",\"name\":\"Ross Advisory Group\",\"description\":\"Recuperaci\u00f3n financiera\",\"potentialAction\":[{\"@type\":\"SearchAction\",\"target\":{\"@type\":\"EntryPoint\",\"urlTemplate\":\"https:\\\/\\\/rossadvisory.ca\\\/es\\\/?s={search_term_string}\"},\"query-input\":{\"@type\":\"PropertyValueSpecification\",\"valueRequired\":true,\"valueName\":\"search_term_string\"}}],\"inLanguage\":\"es\"}]}<\/script>\n<!-- \/ Yoast SEO plugin. -->","yoast_head_json":{"title":"Blog - Ross Advisory Group","robots":{"index":"index","follow":"follow","max-snippet":"max-snippet:-1","max-image-preview":"max-image-preview:large","max-video-preview":"max-video-preview:-1"},"canonical":"https:\/\/rossadvisory.ca\/es\/blog\/","og_locale":"es_ES","og_type":"article","og_title":"Blog - Ross Advisory Group","og_description":"PROPUESTA DE RENEGOCIACI\u00d3N DE DEUDA, QUIEBRA, AGENTES INMOBILIARIOS Y RECO Con frecuencia, hablamos con agentes inmobiliarios y corredores de propiedades que enfrentan dificultades financieras. Aunque ansiosos por eliminar su deuda, los agentes inmobiliarios normalmente desean saber el efecto que tendr\u00e1 una propuesta de renegociaci\u00f3n de... RESPONSABILIDAD DEL DIRECTOR ELIMINADA Empresa constructora elimina su deuda con [&hellip;]","og_url":"https:\/\/rossadvisory.ca\/es\/blog\/","og_site_name":"Ross Advisory Group","article_publisher":"https:\/\/www.facebook.com\/rossadvisory","article_modified_time":"2020-07-21T15:59:31+00:00","og_image":[{"width":1600,"height":312,"url":"https:\/\/rossadvisory.ca\/wp-content\/uploads\/2016\/08\/blog-bg.png","type":"image\/png"}],"twitter_card":"summary_large_image","twitter_site":"@RossAdvisory","twitter_misc":{"Tiempo de lectura":"3 minutos"},"schema":{"@context":"https:\/\/schema.org","@graph":[{"@type":"WebPage","@id":"https:\/\/rossadvisory.ca\/es\/blog\/","url":"https:\/\/rossadvisory.ca\/es\/blog\/","name":"Blog - Ross Advisory Group","isPartOf":{"@id":"https:\/\/rossadvisory.ca\/es\/#website"},"primaryImageOfPage":{"@id":"https:\/\/rossadvisory.ca\/es\/blog\/#primaryimage"},"image":{"@id":"https:\/\/rossadvisory.ca\/es\/blog\/#primaryimage"},"thumbnailUrl":"https:\/\/rossadvisory.ca\/wp-content\/uploads\/2016\/08\/blog-bg.png","datePublished":"2020-03-04T09:45:33+00:00","dateModified":"2020-07-21T15:59:31+00:00","breadcrumb":{"@id":"https:\/\/rossadvisory.ca\/es\/blog\/#breadcrumb"},"inLanguage":"es","potentialAction":[{"@type":"ReadAction","target":["https:\/\/rossadvisory.ca\/es\/blog\/"]}]},{"@type":"ImageObject","inLanguage":"es","@id":"https:\/\/rossadvisory.ca\/es\/blog\/#primaryimage","url":"https:\/\/rossadvisory.ca\/wp-content\/uploads\/2016\/08\/blog-bg.png","contentUrl":"https:\/\/rossadvisory.ca\/wp-content\/uploads\/2016\/08\/blog-bg.png","width":1600,"height":312},{"@type":"BreadcrumbList","@id":"https:\/\/rossadvisory.ca\/es\/blog\/#breadcrumb","itemListElement":[{"@type":"ListItem","position":1,"name":"Home","item":"https:\/\/rossadvisory.ca\/es\/"},{"@type":"ListItem","position":2,"name":"Blog"}]},{"@type":"WebSite","@id":"https:\/\/rossadvisory.ca\/es\/#website","url":"https:\/\/rossadvisory.ca\/es\/","name":"Ross Advisory Group","description":"Recuperaci\u00f3n financiera","potentialAction":[{"@type":"SearchAction","target":{"@type":"EntryPoint","urlTemplate":"https:\/\/rossadvisory.ca\/es\/?s={search_term_string}"},"query-input":{"@type":"PropertyValueSpecification","valueRequired":true,"valueName":"search_term_string"}}],"inLanguage":"es"}]}},"_links":{"self":[{"href":"https:\/\/rossadvisory.ca\/es\/wp-json\/wp\/v2\/pages\/2526","targetHints":{"allow":["GET"]}}],"collection":[{"href":"https:\/\/rossadvisory.ca\/es\/wp-json\/wp\/v2\/pages"}],"about":[{"href":"https:\/\/rossadvisory.ca\/es\/wp-json\/wp\/v2\/types\/page"}],"author":[{"embeddable":true,"href":"https:\/\/rossadvisory.ca\/es\/wp-json\/wp\/v2\/users\/2"}],"replies":[{"embeddable":true,"href":"https:\/\/rossadvisory.ca\/es\/wp-json\/wp\/v2\/comments?post=2526"}],"version-history":[{"count":0,"href":"https:\/\/rossadvisory.ca\/es\/wp-json\/wp\/v2\/pages\/2526\/revisions"}],"wp:featuredmedia":[{"embeddable":true,"href":"https:\/\/rossadvisory.ca\/es\/wp-json\/wp\/v2\/media\/2527"}],"wp:attachment":[{"href":"https:\/\/rossadvisory.ca\/es\/wp-json\/wp\/v2\/media?parent=2526"}],"wp:term":[{"taxonomy":"wf_page_folders","embeddable":true,"href":"https:\/\/rossadvisory.ca\/es\/wp-json\/wp\/v2\/wf_page_folders?post=2526"}],"curies":[{"name":"wp","href":"https:\/\/api.w.org\/{rel}","templated":true}]}}