



{"id":2479,"date":"2020-03-03T10:52:09","date_gmt":"2020-03-03T15:52:09","guid":{"rendered":"http:\/\/rossadvisory.ca\/?page_id=2479"},"modified":"2020-04-25T00:45:40","modified_gmt":"2020-04-25T05:45:40","slug":"reestructuracion-corporativa","status":"publish","type":"page","link":"https:\/\/rossadvisory.ca\/es\/reestructuracion-corporativa\/","title":{"rendered":"Reestructuraci\u00f3n corporativa"},"content":{"rendered":"<p>[et_pb_section fb_built=\u00bb1&#8243; admin_label=\u00bb190728-Row-Header-Banner\u00bb _builder_version=\u00bb3.22.7&#8243; background_image=\u00bbhttps:\/\/rossadvisory.ca\/wp-content\/uploads\/2019\/07\/consumer-bg-1-940&#215;198-1.jpg\u00bb custom_margin=\u00bb0px||\u00bb custom_padding=\u00bb64px||56px|||\u00bb mix_blend_mode=\u00bbmultiply\u00bb saved_tabs=\u00bball\u00bb][et_pb_row use_custom_gutter=\u00bbon\u00bb gutter_width=\u00bb1&#8243; make_equal=\u00bbon\u00bb _builder_version=\u00bb3.25&#8243; width=\u00bb100%\u00bb custom_margin=\u00bb0px||0px|\u00bb custom_padding=\u00bb0px||0px\u00bb][et_pb_column type=\u00bb4_4&#8243; _builder_version=\u00bb3.25&#8243; custom_padding=\u00bb|||\u00bb custom_padding__hover=\u00bb|||\u00bb][et_pb_post_title meta=\u00bboff\u00bb featured_image=\u00bboff\u00bb _builder_version=\u00bb3.22.7&#8243; title_font=\u00bb|700||on|||||\u00bb title_text_align=\u00bbcenter\u00bb title_text_color=\u00bb#ffffff\u00bb title_font_size=\u00bb56px\u00bb title_line_height=\u00bb1.1em\u00bb title_font_size_tablet=\u00bb40px\u00bb title_font_size_phone=\u00bb32px\u00bb title_font_size_last_edited=\u00bbon|phone\u00bb][\/et_pb_post_title][et_pb_divider color=\u00bb#2b87da\u00bb divider_weight=\u00bb4px\u00bb _builder_version=\u00bb3.22.2&#8243; width=\u00bb10%\u00bb width_tablet=\u00bb10%\u00bb width_phone=\u00bb15%\u00bb width_last_edited=\u00bbon|desktop\u00bb module_alignment=\u00bbcenter\u00bb height=\u00bb0px\u00bb custom_margin=\u00bb0px|45%|10px|45%||true\u00bb custom_margin_tablet=\u00bb\u00bb custom_margin_phone=\u00bb|42.5%||42.5%||true\u00bb custom_margin_last_edited=\u00bbon|desktop\u00bb custom_padding=\u00bb0px||0px\u00bb][\/et_pb_divider][\/et_pb_column][\/et_pb_row][\/et_pb_section][et_pb_section fb_built=\u00bb1&#8243; admin_label=\u00bbsection\u00bb _builder_version=\u00bb3.22.3&#8243; custom_margin=\u00bb48px||48px||true|\u00bb custom_padding=\u00bb0px||0px|||\u00bb][et_pb_row admin_label=\u00bbrow\u00bb _builder_version=\u00bb4.3.4&#8243; background_enable_color=\u00bboff\u00bb background_size=\u00bbinitial\u00bb background_position=\u00bbtop_left\u00bb background_repeat=\u00bbrepeat\u00bb max_width=\u00bb960px\u00bb min_height=\u00bb211px\u00bb custom_margin=\u00bb0px||0px\u00bb custom_padding=\u00bb0px||0px\u00bb][et_pb_column type=\u00bb4_4&#8243; _builder_version=\u00bb3.25&#8243; custom_padding=\u00bb|||\u00bb custom_padding__hover=\u00bb|||\u00bb][et_pb_text _builder_version=\u00bb4.3.4&#8243; text_font=\u00bbOpen Sans||||||||\u00bb text_font_size=\u00bb16px\u00bb text_line_height=\u00bb1.56em\u00bb header_font=\u00bb||||||||\u00bb header_3_font=\u00bbOpen Sans|700|||||||\u00bb header_3_text_color=\u00bb#4a4a4a\u00bb header_3_font_size=\u00bb1.37rem\u00bb header_4_font=\u00bb||||||||\u00bb custom_margin=\u00bb30px||10px|||\u00bb custom_padding=\u00bb0px|0px|0px|0px||\u00bb]<\/p>\n<p>Cuando una corporaci\u00f3n enfrenta dificultades financieras, en ocasiones la mejor soluci\u00f3n es reestructurar sus operaciones recurriendo a protecci\u00f3n legal ante sus acreedores. Cuando los proveedores dejan de suministrar insumos debido al incumplimiento de pago, las cuentas por cobrar no se est\u00e1n colectando de manera oportuna y el pago de las facturas cada vez es m\u00e1s lento, es el momento de hablar con un profesional en insolvencia quien lo orientar\u00e1 en el complejo proceso de declarar su empresa insolvente.<\/p>\n<p>El equipo de trabajo de Ross Advisory Group posee una vasta experiencia en ayudar a las partes interesadas a superar estas situaciones. Nos enfocamos en proporcionar un servicio de excelencia con la finalidad de lograr el resultado financiero m\u00e1s favorable para todas las partes interesadas de manera eficiente.<\/p>\n<p>[\/et_pb_text][et_pb_text admin_label=\u00bbh3_in_body_copy\u00bb _builder_version=\u00bb4.3.4&#8243; text_font=\u00bbOpen Sans||||||||\u00bb text_font_size=\u00bb16px\u00bb text_line_height=\u00bb1.56em\u00bb header_font=\u00bb||||||||\u00bb header_3_font=\u00bbOpen Sans|700|||||||\u00bb header_3_font_size=\u00bb1.37rem\u00bb header_3_line_height=\u00bb1.2em\u00bb custom_margin=\u00bb||10px\u00bb custom_padding=\u00bb20px|0px|0px|0px||\u00bb]<\/p>\n<h3>Las opciones de reestructuraci\u00f3n corporativa y alivio de la deuda incluyen:<\/h3>\n<p>[\/et_pb_text][et_pb_blurb url=\u00bbhttps:\/\/rossadvisory.ca\/es\/reestructuracion-de-deuda\/\u00bb use_icon=\u00bbon\u00bb font_icon=\u00bb%%284%%\u00bb icon_color=\u00bb#3e3e3e\u00bb use_circle=\u00bbon\u00bb circle_color=\u00bb#ffffff\u00bb use_circle_border=\u00bbon\u00bb icon_placement=\u00bbleft\u00bb content_max_width=\u00bb1100px\u00bb use_icon_font_size=\u00bbon\u00bb icon_font_size=\u00bb60px\u00bb admin_label=\u00bbmod_debt_restructing\u00bb module_class=\u00bbcustom-blurb-align\u00bb _builder_version=\u00bb4.4.3&#8243; header_font=\u00bb|700|||||||\u00bb header_text_color=\u00bb#337ab7&#8243; header_font_size=\u00bb22px\u00bb body_font=\u00bbOpen Sans||||||||\u00bb body_font_size=\u00bb16px\u00bb body_line_height=\u00bb1.56em\u00bb background_color=\u00bb#f9f9f9&#8243; text_orientation=\u00bbcenter\u00bb custom_margin=\u00bb32px||32px||true\u00bb custom_padding=\u00bb32px|32px|32px|32px|true|true\u00bb animation_style=\u00bbfade\u00bb animation_delay=\u00bb500ms\u00bb link_option_url=\u00bbhttps:\/\/rossadvisory.ca\/es\/reestructuracion-de-deuda\/\u00bb locked=\u00bboff\u00bb]<\/p>\n<h3 style=\"color: #4a4a4a; font-size: 22px; font-weight: bold;\">Reestructuraci\u00f3n de deuda<\/h3>\n<p>Contin\u00fae administrando su empresa con protecci\u00f3n legal ante los acreedores mientras formulamos un plan para reestructurar su deuda.<\/p>\n<p>&nbsp;<\/p>\n<div class=\"et_pb_button_module_wrapper et_pb_button_0_wrapper et_pb_button_alignment_ et_pb_module \"><a class=\"et_pb_button et_pb_button_0 et_hover_enabled et_pb_bg_layout_read_more\" href=\"https:\/\/rossadvisory.ca\/es\/reestructuracion-de-deuda\/\" rel=\"noopener noreferrer\"> M\u00c1S INFORMACI\u00d3N <\/a><\/div>\n<p>[\/et_pb_blurb][et_pb_blurb url=\u00bbhttps:\/\/rossadvisory.ca\/es\/bancarrota-corporativa\/\u00bb use_icon=\u00bbon\u00bb font_icon=\u00bb%%259%%\u00bb icon_color=\u00bb#3e3e3e\u00bb use_circle=\u00bbon\u00bb circle_color=\u00bb#ffffff\u00bb use_circle_border=\u00bbon\u00bb icon_placement=\u00bbleft\u00bb content_max_width=\u00bb1100px\u00bb use_icon_font_size=\u00bbon\u00bb icon_font_size=\u00bb60px\u00bb admin_label=\u00bbcorporativa\u00bb module_class=\u00bbcustom-blurb-align\u00bb _builder_version=\u00bb4.4.3&#8243; header_font=\u00bb|700|||||||\u00bb header_text_color=\u00bb#337ab7&#8243; header_font_size=\u00bb22px\u00bb body_font=\u00bbOpen Sans||||||||\u00bb body_font_size=\u00bb16px\u00bb body_line_height=\u00bb1.56em\u00bb background_color=\u00bb#f9f9f9&#8243; text_orientation=\u00bbcenter\u00bb custom_margin=\u00bb32px||32px||true\u00bb custom_padding=\u00bb32px|32px|32px|32px|true|true\u00bb animation_style=\u00bbfade\u00bb animation_delay=\u00bb500ms\u00bb link_option_url=\u00bbhttps:\/\/rossadvisory.ca\/es\/bancarrota-corporativa\/\u00bb locked=\u00bboff\u00bb]<\/p>\n<h3 style=\"color: #4a4a4a; font-size: 22px; font-weight: bold;\">Quiebra corporativa<\/h3>\n<p>Un cierre ordenado de las operaciones con protecci\u00f3n legal ante los acreedores.<\/p>\n<p>&nbsp;<\/p>\n<div class=\"et_pb_button_module_wrapper et_pb_button_0_wrapper et_pb_button_alignment_ et_pb_module \"><a class=\"et_pb_button et_pb_button_0 et_hover_enabled et_pb_bg_layout_read_more\" href=\"https:\/\/rossadvisory.ca\/es\/bancarrota-corporativa\/\" rel=\"noopener noreferrer\"> M\u00c1S INFORMACI\u00d3N <\/a><\/div>\n<p>[\/et_pb_blurb][et_pb_text admin_label=\u00bbh3_in_body_copy\u00bb _builder_version=\u00bb4.3.4&#8243; text_font=\u00bbOpen Sans||||||||\u00bb text_font_size=\u00bb16px\u00bb text_line_height=\u00bb1.56em\u00bb header_font=\u00bb||||||||\u00bb header_3_font=\u00bbOpen Sans|700|||||||\u00bb header_3_font_size=\u00bb1.37rem\u00bb header_3_line_height=\u00bb1.2em\u00bb custom_margin=\u00bb||10px\u00bb custom_padding=\u00bb20px|0px|0px|0px||\u00bb]<\/p>\n<h3>Adem\u00e1s de lo anterior, ayudamos a las partes interesadas a enfrentar los problemas financieros a medida que surgen.<\/h3>\n<p>[\/et_pb_text][et_pb_blurb url=\u00bbhttps:\/\/rossadvisory.ca\/es\/alivio-de-responsabilidad-del-director\/\u00bb use_icon=\u00bbon\u00bb font_icon=\u00bb%%168%%\u00bb icon_color=\u00bb#3e3e3e\u00bb use_circle=\u00bbon\u00bb circle_color=\u00bb#ffffff\u00bb use_circle_border=\u00bbon\u00bb icon_placement=\u00bbleft\u00bb content_max_width=\u00bb1100px\u00bb use_icon_font_size=\u00bbon\u00bb icon_font_size=\u00bb60px\u00bb admin_label=\u00bbmod_director_liability_relief\u00bb module_class=\u00bbcustom-blurb-align\u00bb _builder_version=\u00bb4.4.3&#8243; header_font=\u00bb|700|||||||\u00bb header_text_color=\u00bb#337ab7&#8243; header_font_size=\u00bb22px\u00bb body_font=\u00bbOpen Sans||||||||\u00bb body_font_size=\u00bb16px\u00bb body_line_height=\u00bb1.56em\u00bb background_color=\u00bb#f9f9f9&#8243; text_orientation=\u00bbcenter\u00bb custom_margin=\u00bb32px||32px||true\u00bb custom_padding=\u00bb32px|32px|32px|32px|true|true\u00bb animation_style=\u00bbfade\u00bb animation_delay=\u00bb500ms\u00bb link_option_url=\u00bbhttps:\/\/rossadvisory.ca\/es\/alivio-de-responsabilidad-del-director\/\u00bb hover_enabled=\u00bb0&#8243; locked=\u00bboff\u00bb]<\/p>\n<h3 style=\"color: #4a4a4a; font-size: 22px; font-weight: bold;\">Alivio de responsabilidad del director<\/h3>\n<p>Trabajamos con los directores para ayudarles a limitar su exposici\u00f3n a responsabilidad en virtud de varias leyes. Cuando se ha determinado responsabilidad, ayudamos a reducirla o eliminarla.<\/p>\n<p>&nbsp;<\/p>\n<div class=\"et_pb_button_module_wrapper et_pb_button_0_wrapper et_pb_button_alignment_ et_pb_module \"><a class=\"et_pb_button et_pb_button_0 et_hover_enabled et_pb_bg_layout_read_more\" href=\"https:\/\/rossadvisory.ca\/es\/alivio-de-responsabilidad-del-director\/\" rel=\"noopener noreferrer\"> M\u00c1S INFORMACI\u00d3N <\/a><\/div>\n<p>[\/et_pb_blurb][et_pb_blurb url=\u00bbhttps:\/\/rossadvisory.ca\/es\/asesoria-empresarial\/\u00bb use_icon=\u00bbon\u00bb font_icon=\u00bb%%253%%\u00bb icon_color=\u00bb#3e3e3e\u00bb use_circle=\u00bbon\u00bb circle_color=\u00bb#ffffff\u00bb use_circle_border=\u00bbon\u00bb icon_placement=\u00bbleft\u00bb content_max_width=\u00bb1100px\u00bb use_icon_font_size=\u00bbon\u00bb icon_font_size=\u00bb60px\u00bb admin_label=\u00bbmod_director_liability_relief\u00bb module_class=\u00bbcustom-blurb-align\u00bb _builder_version=\u00bb4.4.3&#8243; header_font=\u00bb|700|||||||\u00bb header_text_color=\u00bb#337ab7&#8243; header_font_size=\u00bb22px\u00bb body_font=\u00bbOpen Sans||||||||\u00bb body_font_size=\u00bb16px\u00bb body_line_height=\u00bb1.56em\u00bb background_color=\u00bb#f9f9f9&#8243; text_orientation=\u00bbcenter\u00bb custom_margin=\u00bb32px||32px||true\u00bb custom_padding=\u00bb32px|32px|32px|32px|true|true\u00bb animation_style=\u00bbfade\u00bb animation_delay=\u00bb500ms\u00bb link_option_url=\u00bbhttps:\/\/rossadvisory.ca\/es\/asesoria-empresarial\/\u00bb locked=\u00bboff\u00bb]<\/p>\n<h3 style=\"color: #4a4a4a; font-size: 22px; font-weight: bold;\">Asesor\u00eda empresarial<\/h3>\n<p class=\"p1\"><span class=\"s1\">Ofrecemos una evaluaci\u00f3n objetiva de su empresa, que incluye un an\u00e1lisis del desempe\u00f1o financiero, una evaluaci\u00f3n del flujo de efectivo, un an\u00e1lisis de liquidaci\u00f3n y otras evaluaciones estrat\u00e9gicas.<\/span><\/p>\n<p>&nbsp;<\/p>\n<div class=\"et_pb_button_module_wrapper et_pb_button_0_wrapper et_pb_button_alignment_ et_pb_module \"><a class=\"et_pb_button et_pb_button_0 et_hover_enabled et_pb_bg_layout_read_more\" href=\"https:\/\/rossadvisory.ca\/es\/asesoria-empresarial\/\" rel=\"noopener noreferrer\"> M\u00c1S INFORMACI\u00d3N <\/a><\/div>\n<p>[\/et_pb_blurb][\/et_pb_column][\/et_pb_row][\/et_pb_section]<\/p>\n","protected":false},"excerpt":{"rendered":"<p>Cuando una corporaci\u00f3n enfrenta dificultades financieras, en ocasiones la mejor soluci\u00f3n es reestructurar sus operaciones recurriendo a protecci\u00f3n legal ante sus acreedores. Cuando los proveedores dejan de suministrar insumos debido al incumplimiento de pago, las cuentas por cobrar no se est\u00e1n colectando de manera oportuna y el pago de las facturas cada vez es m\u00e1s [&hellip;]<\/p>\n","protected":false},"author":2,"featured_media":2447,"parent":0,"menu_order":0,"comment_status":"closed","ping_status":"closed","template":"","meta":{"_et_pb_use_builder":"on","_et_pb_old_content":"","_et_gb_content_width":"","footnotes":""},"wf_page_folders":[],"class_list":["post-2479","page","type-page","status-publish","has-post-thumbnail","hentry"],"yoast_head":"<!-- This site is optimized with the Yoast SEO plugin v27.3 - https:\/\/yoast.com\/product\/yoast-seo-wordpress\/ -->\n<title>Reestructuraci\u00f3n corporativa - Ross Advisory Group<\/title>\n<meta name=\"robots\" content=\"index, follow, max-snippet:-1, max-image-preview:large, max-video-preview:-1\" \/>\n<link rel=\"canonical\" href=\"https:\/\/rossadvisory.ca\/es\/reestructuracion-corporativa\/\" \/>\n<meta property=\"og:locale\" content=\"es_ES\" \/>\n<meta property=\"og:type\" content=\"article\" \/>\n<meta property=\"og:title\" content=\"Reestructuraci\u00f3n corporativa - Ross Advisory Group\" \/>\n<meta property=\"og:description\" content=\"Cuando una corporaci\u00f3n enfrenta dificultades financieras, en ocasiones la mejor soluci\u00f3n es reestructurar sus operaciones recurriendo a protecci\u00f3n legal ante sus acreedores. Cuando los proveedores dejan de suministrar insumos debido al incumplimiento de pago, las cuentas por cobrar no se est\u00e1n colectando de manera oportuna y el pago de las facturas cada vez es m\u00e1s [&hellip;]\" \/>\n<meta property=\"og:url\" content=\"https:\/\/rossadvisory.ca\/es\/reestructuracion-corporativa\/\" \/>\n<meta property=\"og:site_name\" content=\"Ross Advisory Group\" \/>\n<meta property=\"article:publisher\" content=\"https:\/\/www.facebook.com\/rossadvisory\" \/>\n<meta property=\"article:modified_time\" content=\"2020-04-25T05:45:40+00:00\" \/>\n<meta property=\"og:image\" content=\"https:\/\/rossadvisory.ca\/wp-content\/uploads\/2016\/08\/consumer-bg-1.png\" \/>\n\t<meta property=\"og:image:width\" content=\"1600\" \/>\n\t<meta property=\"og:image:height\" content=\"312\" \/>\n\t<meta property=\"og:image:type\" content=\"image\/png\" \/>\n<meta name=\"twitter:card\" content=\"summary_large_image\" \/>\n<meta name=\"twitter:site\" content=\"@RossAdvisory\" \/>\n<meta name=\"twitter:label1\" content=\"Tiempo de lectura\" \/>\n\t<meta name=\"twitter:data1\" content=\"6 minutos\" \/>\n<script type=\"application\/ld+json\" class=\"yoast-schema-graph\">{\"@context\":\"https:\\\/\\\/schema.org\",\"@graph\":[{\"@type\":\"WebPage\",\"@id\":\"https:\\\/\\\/rossadvisory.ca\\\/es\\\/reestructuracion-corporativa\\\/\",\"url\":\"https:\\\/\\\/rossadvisory.ca\\\/es\\\/reestructuracion-corporativa\\\/\",\"name\":\"Reestructuraci\u00f3n corporativa - Ross Advisory Group\",\"isPartOf\":{\"@id\":\"https:\\\/\\\/rossadvisory.ca\\\/es\\\/#website\"},\"primaryImageOfPage\":{\"@id\":\"https:\\\/\\\/rossadvisory.ca\\\/es\\\/reestructuracion-corporativa\\\/#primaryimage\"},\"image\":{\"@id\":\"https:\\\/\\\/rossadvisory.ca\\\/es\\\/reestructuracion-corporativa\\\/#primaryimage\"},\"thumbnailUrl\":\"https:\\\/\\\/rossadvisory.ca\\\/wp-content\\\/uploads\\\/2016\\\/08\\\/consumer-bg-1.png\",\"datePublished\":\"2020-03-03T15:52:09+00:00\",\"dateModified\":\"2020-04-25T05:45:40+00:00\",\"breadcrumb\":{\"@id\":\"https:\\\/\\\/rossadvisory.ca\\\/es\\\/reestructuracion-corporativa\\\/#breadcrumb\"},\"inLanguage\":\"es\",\"potentialAction\":[{\"@type\":\"ReadAction\",\"target\":[\"https:\\\/\\\/rossadvisory.ca\\\/es\\\/reestructuracion-corporativa\\\/\"]}]},{\"@type\":\"ImageObject\",\"inLanguage\":\"es\",\"@id\":\"https:\\\/\\\/rossadvisory.ca\\\/es\\\/reestructuracion-corporativa\\\/#primaryimage\",\"url\":\"https:\\\/\\\/rossadvisory.ca\\\/wp-content\\\/uploads\\\/2016\\\/08\\\/consumer-bg-1.png\",\"contentUrl\":\"https:\\\/\\\/rossadvisory.ca\\\/wp-content\\\/uploads\\\/2016\\\/08\\\/consumer-bg-1.png\",\"width\":1600,\"height\":312},{\"@type\":\"BreadcrumbList\",\"@id\":\"https:\\\/\\\/rossadvisory.ca\\\/es\\\/reestructuracion-corporativa\\\/#breadcrumb\",\"itemListElement\":[{\"@type\":\"ListItem\",\"position\":1,\"name\":\"Home\",\"item\":\"https:\\\/\\\/rossadvisory.ca\\\/es\\\/\"},{\"@type\":\"ListItem\",\"position\":2,\"name\":\"Reestructuraci\u00f3n corporativa\"}]},{\"@type\":\"WebSite\",\"@id\":\"https:\\\/\\\/rossadvisory.ca\\\/es\\\/#website\",\"url\":\"https:\\\/\\\/rossadvisory.ca\\\/es\\\/\",\"name\":\"Ross Advisory Group\",\"description\":\"Recuperaci\u00f3n financiera\",\"potentialAction\":[{\"@type\":\"SearchAction\",\"target\":{\"@type\":\"EntryPoint\",\"urlTemplate\":\"https:\\\/\\\/rossadvisory.ca\\\/es\\\/?s={search_term_string}\"},\"query-input\":{\"@type\":\"PropertyValueSpecification\",\"valueRequired\":true,\"valueName\":\"search_term_string\"}}],\"inLanguage\":\"es\"}]}<\/script>\n<!-- \/ Yoast SEO plugin. -->","yoast_head_json":{"title":"Reestructuraci\u00f3n corporativa - Ross Advisory Group","robots":{"index":"index","follow":"follow","max-snippet":"max-snippet:-1","max-image-preview":"max-image-preview:large","max-video-preview":"max-video-preview:-1"},"canonical":"https:\/\/rossadvisory.ca\/es\/reestructuracion-corporativa\/","og_locale":"es_ES","og_type":"article","og_title":"Reestructuraci\u00f3n corporativa - Ross Advisory Group","og_description":"Cuando una corporaci\u00f3n enfrenta dificultades financieras, en ocasiones la mejor soluci\u00f3n es reestructurar sus operaciones recurriendo a protecci\u00f3n legal ante sus acreedores. Cuando los proveedores dejan de suministrar insumos debido al incumplimiento de pago, las cuentas por cobrar no se est\u00e1n colectando de manera oportuna y el pago de las facturas cada vez es m\u00e1s [&hellip;]","og_url":"https:\/\/rossadvisory.ca\/es\/reestructuracion-corporativa\/","og_site_name":"Ross Advisory Group","article_publisher":"https:\/\/www.facebook.com\/rossadvisory","article_modified_time":"2020-04-25T05:45:40+00:00","og_image":[{"width":1600,"height":312,"url":"https:\/\/rossadvisory.ca\/wp-content\/uploads\/2016\/08\/consumer-bg-1.png","type":"image\/png"}],"twitter_card":"summary_large_image","twitter_site":"@RossAdvisory","twitter_misc":{"Tiempo de lectura":"6 minutos"},"schema":{"@context":"https:\/\/schema.org","@graph":[{"@type":"WebPage","@id":"https:\/\/rossadvisory.ca\/es\/reestructuracion-corporativa\/","url":"https:\/\/rossadvisory.ca\/es\/reestructuracion-corporativa\/","name":"Reestructuraci\u00f3n corporativa - Ross Advisory Group","isPartOf":{"@id":"https:\/\/rossadvisory.ca\/es\/#website"},"primaryImageOfPage":{"@id":"https:\/\/rossadvisory.ca\/es\/reestructuracion-corporativa\/#primaryimage"},"image":{"@id":"https:\/\/rossadvisory.ca\/es\/reestructuracion-corporativa\/#primaryimage"},"thumbnailUrl":"https:\/\/rossadvisory.ca\/wp-content\/uploads\/2016\/08\/consumer-bg-1.png","datePublished":"2020-03-03T15:52:09+00:00","dateModified":"2020-04-25T05:45:40+00:00","breadcrumb":{"@id":"https:\/\/rossadvisory.ca\/es\/reestructuracion-corporativa\/#breadcrumb"},"inLanguage":"es","potentialAction":[{"@type":"ReadAction","target":["https:\/\/rossadvisory.ca\/es\/reestructuracion-corporativa\/"]}]},{"@type":"ImageObject","inLanguage":"es","@id":"https:\/\/rossadvisory.ca\/es\/reestructuracion-corporativa\/#primaryimage","url":"https:\/\/rossadvisory.ca\/wp-content\/uploads\/2016\/08\/consumer-bg-1.png","contentUrl":"https:\/\/rossadvisory.ca\/wp-content\/uploads\/2016\/08\/consumer-bg-1.png","width":1600,"height":312},{"@type":"BreadcrumbList","@id":"https:\/\/rossadvisory.ca\/es\/reestructuracion-corporativa\/#breadcrumb","itemListElement":[{"@type":"ListItem","position":1,"name":"Home","item":"https:\/\/rossadvisory.ca\/es\/"},{"@type":"ListItem","position":2,"name":"Reestructuraci\u00f3n corporativa"}]},{"@type":"WebSite","@id":"https:\/\/rossadvisory.ca\/es\/#website","url":"https:\/\/rossadvisory.ca\/es\/","name":"Ross Advisory Group","description":"Recuperaci\u00f3n financiera","potentialAction":[{"@type":"SearchAction","target":{"@type":"EntryPoint","urlTemplate":"https:\/\/rossadvisory.ca\/es\/?s={search_term_string}"},"query-input":{"@type":"PropertyValueSpecification","valueRequired":true,"valueName":"search_term_string"}}],"inLanguage":"es"}]}},"_links":{"self":[{"href":"https:\/\/rossadvisory.ca\/es\/wp-json\/wp\/v2\/pages\/2479","targetHints":{"allow":["GET"]}}],"collection":[{"href":"https:\/\/rossadvisory.ca\/es\/wp-json\/wp\/v2\/pages"}],"about":[{"href":"https:\/\/rossadvisory.ca\/es\/wp-json\/wp\/v2\/types\/page"}],"author":[{"embeddable":true,"href":"https:\/\/rossadvisory.ca\/es\/wp-json\/wp\/v2\/users\/2"}],"replies":[{"embeddable":true,"href":"https:\/\/rossadvisory.ca\/es\/wp-json\/wp\/v2\/comments?post=2479"}],"version-history":[{"count":0,"href":"https:\/\/rossadvisory.ca\/es\/wp-json\/wp\/v2\/pages\/2479\/revisions"}],"wp:featuredmedia":[{"embeddable":true,"href":"https:\/\/rossadvisory.ca\/es\/wp-json\/wp\/v2\/media\/2447"}],"wp:attachment":[{"href":"https:\/\/rossadvisory.ca\/es\/wp-json\/wp\/v2\/media?parent=2479"}],"wp:term":[{"taxonomy":"wf_page_folders","embeddable":true,"href":"https:\/\/rossadvisory.ca\/es\/wp-json\/wp\/v2\/wf_page_folders?post=2479"}],"curies":[{"name":"wp","href":"https:\/\/api.w.org\/{rel}","templated":true}]}}