



{"id":2463,"date":"2020-03-03T10:16:16","date_gmt":"2020-03-03T15:16:16","guid":{"rendered":"http:\/\/rossadvisory.ca\/?page_id=2463"},"modified":"2020-07-21T11:27:03","modified_gmt":"2020-07-21T16:27:03","slug":"deuda-tributaria","status":"publish","type":"page","link":"https:\/\/rossadvisory.ca\/es\/deuda-tributaria\/","title":{"rendered":"Deuda tributaria"},"content":{"rendered":"<p>[et_pb_section fb_built=\u00bb1&#8243; admin_label=\u00bb190728-Row-Header-Banner\u00bb _builder_version=\u00bb3.22.7&#8243; background_image=\u00bbhttps:\/\/rossadvisory.ca\/wp-content\/uploads\/2019\/07\/contact-bg-940&#215;198.png\u00bb custom_margin=\u00bb0px||\u00bb custom_padding=\u00bb64px||56px|||\u00bb mix_blend_mode=\u00bbmultiply\u00bb saved_tabs=\u00bball\u00bb][et_pb_row use_custom_gutter=\u00bbon\u00bb gutter_width=\u00bb1&#8243; make_equal=\u00bbon\u00bb _builder_version=\u00bb3.25&#8243; width=\u00bb100%\u00bb custom_margin=\u00bb0px||0px|\u00bb custom_padding=\u00bb0px||0px\u00bb][et_pb_column type=\u00bb4_4&#8243; _builder_version=\u00bb3.25&#8243; custom_padding=\u00bb|||\u00bb custom_padding__hover=\u00bb|||\u00bb][et_pb_post_title meta=\u00bboff\u00bb featured_image=\u00bboff\u00bb _builder_version=\u00bb3.22.7&#8243; title_font=\u00bb|700||on|||||\u00bb title_text_align=\u00bbcenter\u00bb title_text_color=\u00bb#ffffff\u00bb title_font_size=\u00bb56px\u00bb title_line_height=\u00bb1.1em\u00bb title_font_size_tablet=\u00bb40px\u00bb title_font_size_phone=\u00bb32px\u00bb title_font_size_last_edited=\u00bbon|phone\u00bb][\/et_pb_post_title][et_pb_divider color=\u00bb#2b87da\u00bb divider_weight=\u00bb4px\u00bb _builder_version=\u00bb3.22.2&#8243; width=\u00bb10%\u00bb width_tablet=\u00bb10%\u00bb width_phone=\u00bb15%\u00bb width_last_edited=\u00bbon|desktop\u00bb module_alignment=\u00bbcenter\u00bb height=\u00bb0px\u00bb custom_margin=\u00bb0px|45%|10px|45%||true\u00bb custom_margin_tablet=\u00bb\u00bb custom_margin_phone=\u00bb|42.5%||42.5%||true\u00bb custom_margin_last_edited=\u00bbon|desktop\u00bb custom_padding=\u00bb0px||0px\u00bb][\/et_pb_divider][\/et_pb_column][\/et_pb_row][\/et_pb_section][et_pb_section fb_built=\u00bb1&#8243; admin_label=\u00bbRow-W-Sidebar\u00bb _builder_version=\u00bb3.22.3&#8243; custom_padding=\u00bb|||0px||\u00bb][et_pb_row column_structure=\u00bb1_3,2_3&#8243; use_custom_gutter=\u00bbon\u00bb gutter_width=\u00bb2&#8243; admin_label=\u00bbRow-Tax-Debt-w-Sidebar\u00bb _builder_version=\u00bb4.4.3&#8243; width_tablet=\u00bb80%\u00bb width_phone=\u00bb80%\u00bb width_last_edited=\u00bbon|desktop\u00bb max_width=\u00bb1200px\u00bb][et_pb_column type=\u00bb1_3&#8243; module_class=\u00bbxl:w-reduce\u00bb _builder_version=\u00bb4.4.3&#8243; custom_padding=\u00bb|||\u00bb custom_padding__hover=\u00bb|||\u00bb][et_pb_sidebar area=\u00bbet_pb_widget_area_1&#8243; module_id=\u00bbside-menu-sticky\u00bb _builder_version=\u00bb4.4.3&#8243; background_color=\u00bb#f9f9f9&#8243; custom_margin=\u00bb||0px\u00bb custom_padding=\u00bb16px||0px\u00bb global_module=\u00bb2761&#8243; saved_tabs=\u00bball\u00bb][\/et_pb_sidebar][\/et_pb_column][et_pb_column type=\u00bb2_3&#8243; module_class=\u00bbxl:w-expand\u00bb _builder_version=\u00bb4.4.3&#8243; custom_padding=\u00bb|||\u00bb custom_padding__hover=\u00bb|||\u00bb][et_pb_text _builder_version=\u00bb4.3.4&#8243; text_font=\u00bbOpen Sans||||||||\u00bb text_font_size=\u00bb16px\u00bb text_line_height=\u00bb1.56em\u00bb header_font=\u00bb||||||||\u00bb header_3_font=\u00bbOpen Sans|700|||||||\u00bb header_3_font_size=\u00bb1.37rem\u00bb header_3_line_height=\u00bb1.2em\u00bb custom_margin=\u00bb||10px\u00bb custom_padding=\u00bb20px|0px|0px|0px||\u00bb]<\/p>\n<h3>Elimine su deuda tributaria<\/h3>\n<p>[\/et_pb_text][et_pb_text _builder_version=\u00bb4.3.4&#8243; text_font=\u00bbOpen Sans||||||||\u00bb text_font_size=\u00bb16px\u00bb text_line_height=\u00bb1.56em\u00bb link_font=\u00bb|600|||||||\u00bb link_text_color=\u00bb#005d9d\u00bb custom_margin=\u00bb||10px\u00bb custom_padding=\u00bb20px|0px|0px|0px\u00bb]<\/p>\n<p>\u00bfLa CRA est\u00e1 embargando sus salarios? \u00bfEl gobierno congel\u00f3 su cuenta bancaria? \u00bfEl recaudador de impuesto lo presiona?<\/p>\n<p>La CRA tiene extensas <a href=\"http:\/\/www.cra-arc.gc.ca\/gncy\/cllctns\/rfspy-eng.html\">facultades<\/a> para cobrar deudas, facultades que la mayor\u00eda de los dem\u00e1s acreedores sencillamente no tienen.<\/p>\n<p>[\/et_pb_text][et_pb_image src=\u00bbhttps:\/\/rossadvisory.ca\/wp-content\/uploads\/2020\/04\/es-cra-s-power-includes.jpg\u00bb align=\u00bbcenter\u00bb align_tablet=\u00bbcenter\u00bb align_phone=\u00bb\u00bb align_last_edited=\u00bbon|desktop\u00bb _builder_version=\u00bb4.3.4&#8243;][\/et_pb_image][et_pb_text _builder_version=\u00bb4.3.4&#8243; text_font=\u00bbOpen Sans||||||||\u00bb text_font_size=\u00bb16px\u00bb text_line_height=\u00bb1.56em\u00bb header_font=\u00bb||||||||\u00bb header_3_font=\u00bbOpen Sans|700|||||||\u00bb header_3_font_size=\u00bb1.37rem\u00bb header_3_line_height=\u00bb1.2em\u00bb custom_margin=\u00bb||10px\u00bb custom_padding=\u00bb20px|0px|0px|0px||\u00bb]<\/p>\n<h3>Ofrecemos las herramientas necesarias para detener de inmediato a la CRA.<\/h3>\n<p>[\/et_pb_text][et_pb_text _builder_version=\u00bb4.3.4&#8243; text_font=\u00bbOpen Sans||||||||\u00bb text_font_size=\u00bb16px\u00bb text_line_height=\u00bb1.56em\u00bb custom_margin=\u00bb||10px\u00bb custom_padding=\u00bb20px|0px|0px|0px||\u00bb]<\/p>\n<p>Debido a que la CRA tiene tanto poder, la mayor\u00eda de las personas no sabe que las deudas de impuestos personales y de HST en realidad son como cualquier otra deuda. Por lo general, se pueden <strong>eliminar<\/strong>, junto con los intereses y las sanciones, a trav\u00e9s de opciones de alivio de deuda que ofrecen administradores concursales con licencia federal. Nuestras herramientas legales nos permiten detener de inmediato los embargos de salarios, descongelar su cuenta bancaria, poner fin a las llamadas de cobranza y <strong>eliminar su deuda tributaria<\/strong>.<\/p>\n<p>Tal vez el proceso sea m\u00e1s sencillo de lo que cree.<\/p>\n<p>[\/et_pb_text][et_pb_text _builder_version=\u00bb4.3.4&#8243; text_font=\u00bbOpen Sans||||||||\u00bb text_font_size=\u00bb16px\u00bb text_line_height=\u00bb1.56em\u00bb header_font=\u00bb||||||||\u00bb header_3_font=\u00bbOpen Sans|700|||||||\u00bb header_3_font_size=\u00bb1.37rem\u00bb header_3_line_height=\u00bb1.2em\u00bb custom_margin=\u00bb||10px\u00bb custom_padding=\u00bb20px|0px|0px|0px||\u00bb]<\/p>\n<h3><strong>Cinco pasos para eliminar su deuda tributaria<\/strong><\/h3>\n<p>[\/et_pb_text][et_pb_text _builder_version=\u00bb4.3.4&#8243; text_font=\u00bbOpen Sans||||||||\u00bb text_font_size=\u00bb16px\u00bb text_line_height=\u00bb1.56em\u00bb link_font=\u00bb|600|||||||\u00bb custom_margin=\u00bb||10px\u00bb custom_padding=\u00bb20px|0px|0px|0px||\u00bb]<\/p>\n<ol>\n<li>Ll\u00e1menos hoy al <strong><a href=\"tel:6476606800\">647-660-6800<\/a><\/strong><strong><a href=\"tel:416-800-8756\"><\/a><\/strong><\/li>\n<li>Proporci\u00f3nenos algunos datos sobre su situaci\u00f3n y evaluaremos el problema por tel\u00e9fono<\/li>\n<li>Trabajaremos con usted para formular un enfoque personalizado que permita eliminar su deuda tributaria y otras deudas condonables<\/li>\n<li>Re\u00fanase con nuestros <strong>profesionales con licencia federal<\/strong> para firmar la documentaci\u00f3n necesaria<\/li>\n<li>Despu\u00e9s de que finalice con \u00e9xito el proceso, su deuda, incluso la deuda tributaria, quedar\u00e1 <strong>eliminada;<\/strong> no existe un requisito legal que le obligue a pagarla en el futuro<\/li>\n<\/ol>\n<p>&nbsp;<\/p>\n<p>Durante el proceso, actuaremos como un intermediario entre usted, la CRA y sus dem\u00e1s acreedores a fin de garantizar el cese de todos los embargos y congelaciones de cuentas bancarias, as\u00ed como las llamadas impertinentes. Adem\u00e1s, le ayudaremos a negociar con la CRA y sus dem\u00e1s acreedores para finalizar los t\u00e9rminos de su presentaci\u00f3n y eliminar su deuda.<\/p>\n<p>[\/et_pb_text][et_pb_text _builder_version=\u00bb4.4.9&#8243; text_font=\u00bbOpen Sans||||||||\u00bb text_font_size=\u00bb16px\u00bb text_line_height=\u00bb1.56em\u00bb link_text_color=\u00bb#005d9d\u00bb header_font=\u00bb||||||||\u00bb header_3_font=\u00bbOpen Sans|700|||||||\u00bb header_3_font_size=\u00bb1.37rem\u00bb header_3_line_height=\u00bb1.2em\u00bb custom_margin=\u00bb||10px\u00bb custom_padding=\u00bb20px|0px|0px|0px||\u00bb]<\/p>\n<h3>Ll\u00e1manos hoy al <a href=\"tel:647-660-6800\">647-660-6800<\/a><\/h3>\n<p>[\/et_pb_text][et_pb_text _builder_version=\u00bb4.3.4&#8243; text_font=\u00bbOpen Sans||||||||\u00bb text_font_size=\u00bb16px\u00bb text_line_height=\u00bb1.56em\u00bb custom_margin=\u00bb||10px\u00bb custom_padding=\u00bb20px|0px|0px|0px||\u00bb]<\/p>\n<p>En Ross Advisory Group, ayudamos a personas y empresas del \u00c1rea Metropolitana de Toronto a eliminar sus deudas. Nuestros profesionales con licencia federal poseen las herramientas necesarias para eliminar las deudas tributarias y de HST, as\u00ed como para poner fin a los embargos, congelaciones de cuentas y llamadas de cobranza. No espere m\u00e1s; ll\u00e1menos hoy al <a href=\"tel:647-660-6800\"><strong>647-660-6800<\/strong><\/a> y elimine su deuda tributaria.<\/p>\n<p>[\/et_pb_text][\/et_pb_column][\/et_pb_row][\/et_pb_section]<\/p>\n","protected":false},"excerpt":{"rendered":"<p>Elimine su deuda tributaria\u00bfLa CRA est\u00e1 embargando sus salarios? \u00bfEl gobierno congel\u00f3 su cuenta bancaria? \u00bfEl recaudador de impuesto lo presiona? La CRA tiene extensas facultades para cobrar deudas, facultades que la mayor\u00eda de los dem\u00e1s acreedores sencillamente no tienen.Ofrecemos las herramientas necesarias para detener de inmediato a la CRA.Debido a que la CRA tiene [&hellip;]<\/p>\n","protected":false},"author":2,"featured_media":2442,"parent":0,"menu_order":0,"comment_status":"closed","ping_status":"closed","template":"","meta":{"_et_pb_use_builder":"on","_et_pb_old_content":"","_et_gb_content_width":"","footnotes":""},"wf_page_folders":[],"class_list":["post-2463","page","type-page","status-publish","has-post-thumbnail","hentry"],"yoast_head":"<!-- This site is optimized with the Yoast SEO plugin v27.5 - https:\/\/yoast.com\/product\/yoast-seo-wordpress\/ -->\n<title>Deuda tributaria - Ross Advisory Group<\/title>\n<meta name=\"robots\" content=\"index, follow, max-snippet:-1, max-image-preview:large, max-video-preview:-1\" \/>\n<link rel=\"canonical\" href=\"https:\/\/rossadvisory.ca\/es\/deuda-tributaria\/\" \/>\n<meta property=\"og:locale\" content=\"es_ES\" \/>\n<meta property=\"og:type\" content=\"article\" \/>\n<meta property=\"og:title\" content=\"Deuda tributaria - Ross Advisory Group\" \/>\n<meta property=\"og:description\" content=\"Elimine su deuda tributaria\u00bfLa CRA est\u00e1 embargando sus salarios? \u00bfEl gobierno congel\u00f3 su cuenta bancaria? \u00bfEl recaudador de impuesto lo presiona? La CRA tiene extensas facultades para cobrar deudas, facultades que la mayor\u00eda de los dem\u00e1s acreedores sencillamente no tienen.Ofrecemos las herramientas necesarias para detener de inmediato a la CRA.Debido a que la CRA tiene [&hellip;]\" \/>\n<meta property=\"og:url\" content=\"https:\/\/rossadvisory.ca\/es\/deuda-tributaria\/\" \/>\n<meta property=\"og:site_name\" content=\"Ross Advisory Group\" \/>\n<meta property=\"article:publisher\" content=\"https:\/\/www.facebook.com\/rossadvisory\" \/>\n<meta property=\"article:modified_time\" content=\"2020-07-21T16:27:03+00:00\" \/>\n<meta property=\"og:image\" content=\"https:\/\/rossadvisory.ca\/wp-content\/uploads\/2016\/08\/contact-bg-2.png\" \/>\n\t<meta property=\"og:image:width\" content=\"1600\" \/>\n\t<meta property=\"og:image:height\" content=\"312\" \/>\n\t<meta property=\"og:image:type\" content=\"image\/png\" \/>\n<meta name=\"twitter:card\" content=\"summary_large_image\" \/>\n<meta name=\"twitter:site\" content=\"@RossAdvisory\" \/>\n<meta name=\"twitter:label1\" content=\"Tiempo de lectura\" \/>\n\t<meta name=\"twitter:data1\" content=\"5 minutos\" \/>\n<script type=\"application\/ld+json\" class=\"yoast-schema-graph\">{\"@context\":\"https:\\\/\\\/schema.org\",\"@graph\":[{\"@type\":\"WebPage\",\"@id\":\"https:\\\/\\\/rossadvisory.ca\\\/es\\\/deuda-tributaria\\\/\",\"url\":\"https:\\\/\\\/rossadvisory.ca\\\/es\\\/deuda-tributaria\\\/\",\"name\":\"Deuda tributaria - Ross Advisory Group\",\"isPartOf\":{\"@id\":\"https:\\\/\\\/rossadvisory.ca\\\/es\\\/#website\"},\"primaryImageOfPage\":{\"@id\":\"https:\\\/\\\/rossadvisory.ca\\\/es\\\/deuda-tributaria\\\/#primaryimage\"},\"image\":{\"@id\":\"https:\\\/\\\/rossadvisory.ca\\\/es\\\/deuda-tributaria\\\/#primaryimage\"},\"thumbnailUrl\":\"https:\\\/\\\/rossadvisory.ca\\\/wp-content\\\/uploads\\\/2016\\\/08\\\/contact-bg-2.png\",\"datePublished\":\"2020-03-03T15:16:16+00:00\",\"dateModified\":\"2020-07-21T16:27:03+00:00\",\"breadcrumb\":{\"@id\":\"https:\\\/\\\/rossadvisory.ca\\\/es\\\/deuda-tributaria\\\/#breadcrumb\"},\"inLanguage\":\"es\",\"potentialAction\":[{\"@type\":\"ReadAction\",\"target\":[\"https:\\\/\\\/rossadvisory.ca\\\/es\\\/deuda-tributaria\\\/\"]}]},{\"@type\":\"ImageObject\",\"inLanguage\":\"es\",\"@id\":\"https:\\\/\\\/rossadvisory.ca\\\/es\\\/deuda-tributaria\\\/#primaryimage\",\"url\":\"https:\\\/\\\/rossadvisory.ca\\\/wp-content\\\/uploads\\\/2016\\\/08\\\/contact-bg-2.png\",\"contentUrl\":\"https:\\\/\\\/rossadvisory.ca\\\/wp-content\\\/uploads\\\/2016\\\/08\\\/contact-bg-2.png\",\"width\":1600,\"height\":312},{\"@type\":\"BreadcrumbList\",\"@id\":\"https:\\\/\\\/rossadvisory.ca\\\/es\\\/deuda-tributaria\\\/#breadcrumb\",\"itemListElement\":[{\"@type\":\"ListItem\",\"position\":1,\"name\":\"Home\",\"item\":\"https:\\\/\\\/rossadvisory.ca\\\/es\\\/\"},{\"@type\":\"ListItem\",\"position\":2,\"name\":\"Deuda tributaria\"}]},{\"@type\":\"WebSite\",\"@id\":\"https:\\\/\\\/rossadvisory.ca\\\/es\\\/#website\",\"url\":\"https:\\\/\\\/rossadvisory.ca\\\/es\\\/\",\"name\":\"Ross Advisory Group\",\"description\":\"Recuperaci\u00f3n financiera\",\"potentialAction\":[{\"@type\":\"SearchAction\",\"target\":{\"@type\":\"EntryPoint\",\"urlTemplate\":\"https:\\\/\\\/rossadvisory.ca\\\/es\\\/?s={search_term_string}\"},\"query-input\":{\"@type\":\"PropertyValueSpecification\",\"valueRequired\":true,\"valueName\":\"search_term_string\"}}],\"inLanguage\":\"es\"}]}<\/script>\n<!-- \/ Yoast SEO plugin. -->","yoast_head_json":{"title":"Deuda tributaria - Ross Advisory Group","robots":{"index":"index","follow":"follow","max-snippet":"max-snippet:-1","max-image-preview":"max-image-preview:large","max-video-preview":"max-video-preview:-1"},"canonical":"https:\/\/rossadvisory.ca\/es\/deuda-tributaria\/","og_locale":"es_ES","og_type":"article","og_title":"Deuda tributaria - Ross Advisory Group","og_description":"Elimine su deuda tributaria\u00bfLa CRA est\u00e1 embargando sus salarios? \u00bfEl gobierno congel\u00f3 su cuenta bancaria? \u00bfEl recaudador de impuesto lo presiona? La CRA tiene extensas facultades para cobrar deudas, facultades que la mayor\u00eda de los dem\u00e1s acreedores sencillamente no tienen.Ofrecemos las herramientas necesarias para detener de inmediato a la CRA.Debido a que la CRA tiene [&hellip;]","og_url":"https:\/\/rossadvisory.ca\/es\/deuda-tributaria\/","og_site_name":"Ross Advisory Group","article_publisher":"https:\/\/www.facebook.com\/rossadvisory","article_modified_time":"2020-07-21T16:27:03+00:00","og_image":[{"width":1600,"height":312,"url":"https:\/\/rossadvisory.ca\/wp-content\/uploads\/2016\/08\/contact-bg-2.png","type":"image\/png"}],"twitter_card":"summary_large_image","twitter_site":"@RossAdvisory","twitter_misc":{"Tiempo de lectura":"5 minutos"},"schema":{"@context":"https:\/\/schema.org","@graph":[{"@type":"WebPage","@id":"https:\/\/rossadvisory.ca\/es\/deuda-tributaria\/","url":"https:\/\/rossadvisory.ca\/es\/deuda-tributaria\/","name":"Deuda tributaria - Ross Advisory Group","isPartOf":{"@id":"https:\/\/rossadvisory.ca\/es\/#website"},"primaryImageOfPage":{"@id":"https:\/\/rossadvisory.ca\/es\/deuda-tributaria\/#primaryimage"},"image":{"@id":"https:\/\/rossadvisory.ca\/es\/deuda-tributaria\/#primaryimage"},"thumbnailUrl":"https:\/\/rossadvisory.ca\/wp-content\/uploads\/2016\/08\/contact-bg-2.png","datePublished":"2020-03-03T15:16:16+00:00","dateModified":"2020-07-21T16:27:03+00:00","breadcrumb":{"@id":"https:\/\/rossadvisory.ca\/es\/deuda-tributaria\/#breadcrumb"},"inLanguage":"es","potentialAction":[{"@type":"ReadAction","target":["https:\/\/rossadvisory.ca\/es\/deuda-tributaria\/"]}]},{"@type":"ImageObject","inLanguage":"es","@id":"https:\/\/rossadvisory.ca\/es\/deuda-tributaria\/#primaryimage","url":"https:\/\/rossadvisory.ca\/wp-content\/uploads\/2016\/08\/contact-bg-2.png","contentUrl":"https:\/\/rossadvisory.ca\/wp-content\/uploads\/2016\/08\/contact-bg-2.png","width":1600,"height":312},{"@type":"BreadcrumbList","@id":"https:\/\/rossadvisory.ca\/es\/deuda-tributaria\/#breadcrumb","itemListElement":[{"@type":"ListItem","position":1,"name":"Home","item":"https:\/\/rossadvisory.ca\/es\/"},{"@type":"ListItem","position":2,"name":"Deuda tributaria"}]},{"@type":"WebSite","@id":"https:\/\/rossadvisory.ca\/es\/#website","url":"https:\/\/rossadvisory.ca\/es\/","name":"Ross Advisory Group","description":"Recuperaci\u00f3n financiera","potentialAction":[{"@type":"SearchAction","target":{"@type":"EntryPoint","urlTemplate":"https:\/\/rossadvisory.ca\/es\/?s={search_term_string}"},"query-input":{"@type":"PropertyValueSpecification","valueRequired":true,"valueName":"search_term_string"}}],"inLanguage":"es"}]}},"_links":{"self":[{"href":"https:\/\/rossadvisory.ca\/es\/wp-json\/wp\/v2\/pages\/2463","targetHints":{"allow":["GET"]}}],"collection":[{"href":"https:\/\/rossadvisory.ca\/es\/wp-json\/wp\/v2\/pages"}],"about":[{"href":"https:\/\/rossadvisory.ca\/es\/wp-json\/wp\/v2\/types\/page"}],"author":[{"embeddable":true,"href":"https:\/\/rossadvisory.ca\/es\/wp-json\/wp\/v2\/users\/2"}],"replies":[{"embeddable":true,"href":"https:\/\/rossadvisory.ca\/es\/wp-json\/wp\/v2\/comments?post=2463"}],"version-history":[{"count":0,"href":"https:\/\/rossadvisory.ca\/es\/wp-json\/wp\/v2\/pages\/2463\/revisions"}],"wp:featuredmedia":[{"embeddable":true,"href":"https:\/\/rossadvisory.ca\/es\/wp-json\/wp\/v2\/media\/2442"}],"wp:attachment":[{"href":"https:\/\/rossadvisory.ca\/es\/wp-json\/wp\/v2\/media?parent=2463"}],"wp:term":[{"taxonomy":"wf_page_folders","embeddable":true,"href":"https:\/\/rossadvisory.ca\/es\/wp-json\/wp\/v2\/wf_page_folders?post=2463"}],"curies":[{"name":"wp","href":"https:\/\/api.w.org\/{rel}","templated":true}]}}