



{"id":2453,"date":"2020-03-03T06:34:57","date_gmt":"2020-03-03T11:34:57","guid":{"rendered":"http:\/\/rossadvisory.ca\/?page_id=2453"},"modified":"2020-07-21T10:40:31","modified_gmt":"2020-07-21T15:40:31","slug":"propuesta-de-renegociacion-de-deuda","status":"publish","type":"page","link":"https:\/\/rossadvisory.ca\/es\/propuesta-de-renegociacion-de-deuda\/","title":{"rendered":"Propuesta de renegociaci\u00f3n de deuda"},"content":{"rendered":"<p>[et_pb_section fb_built=\u00bb1&#8243; admin_label=\u00bb190728-Row-Header-Banner\u00bb _builder_version=\u00bb3.22.7&#8243; background_image=\u00bbhttps:\/\/rossadvisory.ca\/wp-content\/uploads\/2019\/07\/contact-bg-940&#215;198.png\u00bb custom_margin=\u00bb0px||\u00bb custom_padding=\u00bb64px||56px|||\u00bb mix_blend_mode=\u00bbmultiply\u00bb saved_tabs=\u00bball\u00bb][et_pb_row use_custom_gutter=\u00bbon\u00bb gutter_width=\u00bb1&#8243; make_equal=\u00bbon\u00bb _builder_version=\u00bb4.4.3&#8243; max_width=\u00bb960px\u00bb custom_margin=\u00bb0px||0px|\u00bb custom_padding=\u00bb0px||0px\u00bb][et_pb_column type=\u00bb4_4&#8243; _builder_version=\u00bb3.25&#8243; custom_padding=\u00bb|||\u00bb custom_padding__hover=\u00bb|||\u00bb][et_pb_post_title meta=\u00bboff\u00bb featured_image=\u00bboff\u00bb _builder_version=\u00bb4.4.3&#8243; title_font=\u00bb|700||on|||||\u00bb title_text_align=\u00bbcenter\u00bb title_text_color=\u00bb#ffffff\u00bb title_font_size=\u00bb56px\u00bb title_line_height=\u00bb1.1em\u00bb title_font_size_tablet=\u00bb40px\u00bb title_font_size_phone=\u00bb32px\u00bb title_font_size_last_edited=\u00bbon|phone\u00bb][\/et_pb_post_title][et_pb_divider color=\u00bb#2b87da\u00bb divider_weight=\u00bb4px\u00bb _builder_version=\u00bb3.22.2&#8243; width=\u00bb10%\u00bb width_tablet=\u00bb10%\u00bb width_phone=\u00bb15%\u00bb width_last_edited=\u00bbon|desktop\u00bb module_alignment=\u00bbcenter\u00bb height=\u00bb0px\u00bb custom_margin=\u00bb0px|45%|10px|45%||true\u00bb custom_margin_tablet=\u00bb\u00bb custom_margin_phone=\u00bb|42.5%||42.5%||true\u00bb custom_margin_last_edited=\u00bbon|desktop\u00bb custom_padding=\u00bb0px||0px\u00bb][\/et_pb_divider][\/et_pb_column][\/et_pb_row][\/et_pb_section][et_pb_section fb_built=\u00bb1&#8243; admin_label=\u00bbRow-W-Sidebar\u00bb _builder_version=\u00bb3.22.3&#8243; custom_padding=\u00bb|||0px||\u00bb][et_pb_row column_structure=\u00bb1_3,2_3&#8243; use_custom_gutter=\u00bbon\u00bb gutter_width=\u00bb2&#8243; admin_label=\u00bbRow-Tax-Debt-w-Sidebar\u00bb _builder_version=\u00bb4.4.3&#8243; width_tablet=\u00bb80%\u00bb width_phone=\u00bb80%\u00bb width_last_edited=\u00bbon|desktop\u00bb max_width=\u00bb1200px\u00bb][et_pb_column type=\u00bb1_3&#8243; module_class=\u00bbxl:w-reduce\u00bb _builder_version=\u00bb4.4.3&#8243; custom_padding=\u00bb|||\u00bb custom_padding__hover=\u00bb|||\u00bb][et_pb_sidebar area=\u00bbet_pb_widget_area_1&#8243; module_id=\u00bbside-menu-sticky\u00bb _builder_version=\u00bb4.4.3&#8243; background_color=\u00bb#f9f9f9&#8243; custom_margin=\u00bb||0px\u00bb custom_padding=\u00bb16px||0px\u00bb global_module=\u00bb2761&#8243;][\/et_pb_sidebar][\/et_pb_column][et_pb_column type=\u00bb2_3&#8243; module_class=\u00bbxl:w-expand\u00bb _builder_version=\u00bb4.4.3&#8243; custom_padding=\u00bb|||\u00bb custom_padding__hover=\u00bb|||\u00bb][et_pb_text _builder_version=\u00bb4.3.4&#8243; text_font=\u00bbOpen Sans||||||||\u00bb text_font_size=\u00bb16px\u00bb text_line_height=\u00bb1.56em\u00bb header_font=\u00bb||||||||\u00bb header_3_font=\u00bbOpen Sans|700|||||||\u00bb header_3_font_size=\u00bb1.37rem\u00bb header_3_line_height=\u00bb1.2em\u00bb custom_margin=\u00bb||10px\u00bb custom_padding=\u00bb20px|0px|0px|0px||\u00bb]<\/p>\n<h3>Propuesta de renegociaci\u00f3n de deuda: elimine su deuda sin necesidad de declararse en bancarrota<\/h3>\n<p>[\/et_pb_text][et_pb_text _builder_version=\u00bb4.4.3&#8243; text_font=\u00bbOpen Sans||||||||\u00bb text_font_size=\u00bb16px\u00bb text_line_height=\u00bb1.56em\u00bb custom_margin=\u00bb||10px\u00bb custom_padding=\u00bb20px|0px|0px|0px\u00bb]<\/p>\n<p>Una propuesta de renegociaci\u00f3n de deuda es un acuerdo legalmente establecido entre usted y sus acreedores ordinarios para liquidar su deuda, a menudo por un monto considerablemente menor que el que debe. Los pagos se realizan en t\u00e9rminos convenientes para usted, por un per\u00edodo de hasta cinco a\u00f1os, sin cobros de intereses adicionales. Cuando usted termina de realizar los pagos de la propuesta, su deuda es eliminada.<\/p>\n<p>[\/et_pb_text][et_pb_text _builder_version=\u00bb4.3.4&#8243; text_font=\u00bbOpen Sans||||||||\u00bb text_font_size=\u00bb16px\u00bb text_line_height=\u00bb1.56em\u00bb header_font=\u00bb||||||||\u00bb header_3_font=\u00bbOpen Sans|700|||||||\u00bb header_3_font_size=\u00bb1.37rem\u00bb header_3_line_height=\u00bb1.2em\u00bb custom_margin=\u00bb||10px\u00bb custom_padding=\u00bb20px|0px|0px|0px||\u00bb]<\/p>\n<h3>Beneficios de una propuesta de renegociaci\u00f3n de deuda<\/h3>\n<p>[\/et_pb_text][et_pb_text _builder_version=\u00bb4.3.4&#8243; text_font=\u00bbOpen Sans||||||||\u00bb text_font_size=\u00bb16px\u00bb text_line_height=\u00bb1.56em\u00bb custom_margin=\u00bb||10px\u00bb custom_padding=\u00bb20px|0px|0px|0px||\u00bb]<\/p>\n<p>Una propuesta de renegociaci\u00f3n de deuda ofrece numerosos beneficios: evitar\u00e1 la bancarrota, conservar\u00e1 todos sus activos y, con frecuencia, pagar\u00e1 s\u00f3lo una peque\u00f1a parte de la deuda. Inmediatamente despu\u00e9s de la presentaci\u00f3n de la propuesta, usted recibe el alivio que necesita; terminan los embargos de salarios, las llamadas telef\u00f3nicas apremiantes, los procesos legales y los cobros de intereses.<\/p>\n<p>[\/et_pb_text][et_pb_image src=\u00bbhttps:\/\/rossadvisory.ca\/wp-content\/uploads\/2020\/04\/es-benefits-of-a-consumer-proposal.jpg\u00bb force_fullwidth=\u00bbon\u00bb align_tablet=\u00bbcenter\u00bb align_phone=\u00bb\u00bb align_last_edited=\u00bbon|desktop\u00bb _builder_version=\u00bb4.3.4&#8243;][\/et_pb_image][et_pb_text _builder_version=\u00bb4.4.3&#8243; text_font=\u00bbOpen Sans||||||||\u00bb text_font_size=\u00bb16px\u00bb text_line_height=\u00bb1.56em\u00bb custom_margin=\u00bb||10px\u00bb custom_padding=\u00bb20px|0px|0px|0px||\u00bb]<\/p>\n<p>M\u00e9dicos, abogados, contratistas, obreros y de toda profesi\u00f3n, ayudamos a personas del \u00c1rea Metropolitana de Toronto a seguir el proceso de propuesta de Renegociaci\u00f3n y eliminaci\u00f3n de su deuda. Ll\u00e1menos hoy al <strong><a href=\"6476606800\">647-660-6800<\/a><\/strong> para poner nuestra experiencia a su servicio en la elaboraci\u00f3n de una propuesta exitosa.<\/p>\n<p>[\/et_pb_text][et_pb_text _builder_version=\u00bb4.3.4&#8243; text_font=\u00bbOpen Sans||||||||\u00bb text_font_size=\u00bb16px\u00bb text_line_height=\u00bb1.56em\u00bb header_font=\u00bb||||||||\u00bb header_3_font=\u00bbOpen Sans|700|||||||\u00bb header_3_font_size=\u00bb1.37rem\u00bb header_3_line_height=\u00bb1.2em\u00bb custom_margin=\u00bb||10px\u00bb custom_padding=\u00bb20px|0px|0px|0px||\u00bb]<\/p>\n<h3>Cinco pasos para liberarse de la deuda<\/h3>\n<p>[\/et_pb_text][et_pb_text _builder_version=\u00bb4.3.4&#8243; text_font=\u00bbOpen Sans||||||||\u00bb text_font_size=\u00bb16px\u00bb text_line_height=\u00bb1.56em\u00bb custom_margin=\u00bb||10px\u00bb custom_padding=\u00bb20px|0px|0px|0px||\u00bb]<\/p>\n<ol>\n<li>Ll\u00e1menos hoy al <strong><a href=\"6476606800\">647-660-6800<\/a><\/strong>. Proporci\u00f3nenos algunos datos sobre su situaci\u00f3n y la evaluaremos por tel\u00e9fono<\/li>\n<li>Si una propuesta de renegociaci\u00f3n de deuda es una opci\u00f3n conveniente, le ayudaremos a prepararla de manera que resulte rentable para usted y aceptable para sus acreedores<\/li>\n<li>Re\u00fanase con nuestros profesionales con licencia federal para firmar la documentaci\u00f3n necesaria<\/li>\n<li>Presentaremos la documentaci\u00f3n al gobierno federal y enviaremos una copia a sus acreedores para poner fin al embargo de salarios, los apremios, los procesos legales y los cobros de intereses<\/li>\n<li>Despu\u00e9s de que finalice con \u00e9xito su proceso, la deuda quedar\u00e1 eliminada; no existe un requisito legal que le obligue a pagarla en el futuro<\/li>\n<\/ol>\n<p>Adem\u00e1s, ofrecemos asesor\u00eda crediticia, sin costo, personalizada para su situaci\u00f3n financiera personal.<\/p>\n<p>Desde el momento en que llama a Ross Advisory Group, usted recibe un trato respetuoso e imparcial. Siempre se reunir\u00e1 con un administrador concursal con licencia federal, no con un administrador j\u00fanior, quien ser\u00e1 su intermediario personal durante el proceso de propuesta de renegociaci\u00f3n de deuda, desde la consulta inicial hasta la conclusi\u00f3n del proceso.<\/p>\n<p>[\/et_pb_text][et_pb_text _builder_version=\u00bb4.3.4&#8243; text_font=\u00bbOpen Sans||||||||\u00bb text_font_size=\u00bb16px\u00bb text_line_height=\u00bb1.56em\u00bb header_font=\u00bb||||||||\u00bb header_3_font=\u00bbOpen Sans|700|||||||\u00bb header_3_font_size=\u00bb1.37rem\u00bb header_3_line_height=\u00bb1.2em\u00bb custom_margin=\u00bb||10px\u00bb custom_padding=\u00bb20px|0px|0px|0px||\u00bb]<\/p>\n<h3>Ll\u00e1menos hoy<\/h3>\n<p>[\/et_pb_text][et_pb_text _builder_version=\u00bb4.3.4&#8243; text_font=\u00bbOpen Sans||||||||\u00bb text_font_size=\u00bb16px\u00bb text_line_height=\u00bb1.56em\u00bb custom_margin=\u00bb||10px\u00bb custom_padding=\u00bb20px|0px|0px|0px||\u00bb]<\/p>\n<p>Si est\u00e1 considerando presentar una propuesta de renegociaci\u00f3n de deuda o si s\u00f3lo necesita informaci\u00f3n adicional sobre sus opciones de alivio de deuda, ll\u00e1menos hoy al <strong><a href=\"6476606800\">647-660-6800<\/a><\/strong> o comun\u00edquese con nosotros para acceder a una consulta gratuita. Programe una cita; nuestro caf\u00e9 y nuestras ideas innovadoras le encantar\u00e1n.<\/p>\n<p>[\/et_pb_text][\/et_pb_column][\/et_pb_row][\/et_pb_section]<\/p>\n","protected":false},"excerpt":{"rendered":"<p>Propuesta de renegociaci\u00f3n de deuda: elimine su deuda sin necesidad de declararse en bancarrotaUna propuesta de renegociaci\u00f3n de deuda es un acuerdo legalmente establecido entre usted y sus acreedores ordinarios para liquidar su deuda, a menudo por un monto considerablemente menor que el que debe. Los pagos se realizan en t\u00e9rminos convenientes para usted, por [&hellip;]<\/p>\n","protected":false},"author":2,"featured_media":2455,"parent":0,"menu_order":0,"comment_status":"closed","ping_status":"closed","template":"","meta":{"_et_pb_use_builder":"on","_et_pb_old_content":"","_et_gb_content_width":"","footnotes":""},"wf_page_folders":[],"class_list":["post-2453","page","type-page","status-publish","has-post-thumbnail","hentry"],"yoast_head":"<!-- This site is optimized with the Yoast SEO plugin v27.3 - https:\/\/yoast.com\/product\/yoast-seo-wordpress\/ -->\n<title>Propuesta de renegociaci\u00f3n de deuda - Ross Advisory Group<\/title>\n<meta name=\"robots\" content=\"index, follow, max-snippet:-1, max-image-preview:large, max-video-preview:-1\" \/>\n<link rel=\"canonical\" href=\"https:\/\/rossadvisory.ca\/es\/propuesta-de-renegociacion-de-deuda\/\" \/>\n<meta property=\"og:locale\" content=\"es_ES\" \/>\n<meta property=\"og:type\" content=\"article\" \/>\n<meta property=\"og:title\" content=\"Propuesta de renegociaci\u00f3n de deuda - Ross Advisory Group\" \/>\n<meta property=\"og:description\" content=\"Propuesta de renegociaci\u00f3n de deuda: elimine su deuda sin necesidad de declararse en bancarrotaUna propuesta de renegociaci\u00f3n de deuda es un acuerdo legalmente establecido entre usted y sus acreedores ordinarios para liquidar su deuda, a menudo por un monto considerablemente menor que el que debe. Los pagos se realizan en t\u00e9rminos convenientes para usted, por [&hellip;]\" \/>\n<meta property=\"og:url\" content=\"https:\/\/rossadvisory.ca\/es\/propuesta-de-renegociacion-de-deuda\/\" \/>\n<meta property=\"og:site_name\" content=\"Ross Advisory Group\" \/>\n<meta property=\"article:publisher\" content=\"https:\/\/www.facebook.com\/rossadvisory\" \/>\n<meta property=\"article:modified_time\" content=\"2020-07-21T15:40:31+00:00\" \/>\n<meta property=\"og:image\" content=\"https:\/\/rossadvisory.ca\/wp-content\/uploads\/2016\/08\/contact-bg.png\" \/>\n\t<meta property=\"og:image:width\" content=\"1600\" \/>\n\t<meta property=\"og:image:height\" content=\"312\" \/>\n\t<meta property=\"og:image:type\" content=\"image\/png\" \/>\n<meta name=\"twitter:card\" content=\"summary_large_image\" \/>\n<meta name=\"twitter:site\" content=\"@RossAdvisory\" \/>\n<meta name=\"twitter:label1\" content=\"Tiempo de lectura\" \/>\n\t<meta name=\"twitter:data1\" content=\"6 minutos\" \/>\n<script type=\"application\/ld+json\" class=\"yoast-schema-graph\">{\"@context\":\"https:\\\/\\\/schema.org\",\"@graph\":[{\"@type\":\"WebPage\",\"@id\":\"https:\\\/\\\/rossadvisory.ca\\\/es\\\/propuesta-de-renegociacion-de-deuda\\\/\",\"url\":\"https:\\\/\\\/rossadvisory.ca\\\/es\\\/propuesta-de-renegociacion-de-deuda\\\/\",\"name\":\"Propuesta de renegociaci\u00f3n de deuda - Ross Advisory Group\",\"isPartOf\":{\"@id\":\"https:\\\/\\\/rossadvisory.ca\\\/es\\\/#website\"},\"primaryImageOfPage\":{\"@id\":\"https:\\\/\\\/rossadvisory.ca\\\/es\\\/propuesta-de-renegociacion-de-deuda\\\/#primaryimage\"},\"image\":{\"@id\":\"https:\\\/\\\/rossadvisory.ca\\\/es\\\/propuesta-de-renegociacion-de-deuda\\\/#primaryimage\"},\"thumbnailUrl\":\"https:\\\/\\\/rossadvisory.ca\\\/wp-content\\\/uploads\\\/2016\\\/08\\\/contact-bg.png\",\"datePublished\":\"2020-03-03T11:34:57+00:00\",\"dateModified\":\"2020-07-21T15:40:31+00:00\",\"breadcrumb\":{\"@id\":\"https:\\\/\\\/rossadvisory.ca\\\/es\\\/propuesta-de-renegociacion-de-deuda\\\/#breadcrumb\"},\"inLanguage\":\"es\",\"potentialAction\":[{\"@type\":\"ReadAction\",\"target\":[\"https:\\\/\\\/rossadvisory.ca\\\/es\\\/propuesta-de-renegociacion-de-deuda\\\/\"]}]},{\"@type\":\"ImageObject\",\"inLanguage\":\"es\",\"@id\":\"https:\\\/\\\/rossadvisory.ca\\\/es\\\/propuesta-de-renegociacion-de-deuda\\\/#primaryimage\",\"url\":\"https:\\\/\\\/rossadvisory.ca\\\/wp-content\\\/uploads\\\/2016\\\/08\\\/contact-bg.png\",\"contentUrl\":\"https:\\\/\\\/rossadvisory.ca\\\/wp-content\\\/uploads\\\/2016\\\/08\\\/contact-bg.png\",\"width\":1600,\"height\":312},{\"@type\":\"BreadcrumbList\",\"@id\":\"https:\\\/\\\/rossadvisory.ca\\\/es\\\/propuesta-de-renegociacion-de-deuda\\\/#breadcrumb\",\"itemListElement\":[{\"@type\":\"ListItem\",\"position\":1,\"name\":\"Home\",\"item\":\"https:\\\/\\\/rossadvisory.ca\\\/es\\\/\"},{\"@type\":\"ListItem\",\"position\":2,\"name\":\"Propuesta de renegociaci\u00f3n de deuda\"}]},{\"@type\":\"WebSite\",\"@id\":\"https:\\\/\\\/rossadvisory.ca\\\/es\\\/#website\",\"url\":\"https:\\\/\\\/rossadvisory.ca\\\/es\\\/\",\"name\":\"Ross Advisory Group\",\"description\":\"Recuperaci\u00f3n financiera\",\"potentialAction\":[{\"@type\":\"SearchAction\",\"target\":{\"@type\":\"EntryPoint\",\"urlTemplate\":\"https:\\\/\\\/rossadvisory.ca\\\/es\\\/?s={search_term_string}\"},\"query-input\":{\"@type\":\"PropertyValueSpecification\",\"valueRequired\":true,\"valueName\":\"search_term_string\"}}],\"inLanguage\":\"es\"}]}<\/script>\n<!-- \/ Yoast SEO plugin. -->","yoast_head_json":{"title":"Propuesta de renegociaci\u00f3n de deuda - Ross Advisory Group","robots":{"index":"index","follow":"follow","max-snippet":"max-snippet:-1","max-image-preview":"max-image-preview:large","max-video-preview":"max-video-preview:-1"},"canonical":"https:\/\/rossadvisory.ca\/es\/propuesta-de-renegociacion-de-deuda\/","og_locale":"es_ES","og_type":"article","og_title":"Propuesta de renegociaci\u00f3n de deuda - Ross Advisory Group","og_description":"Propuesta de renegociaci\u00f3n de deuda: elimine su deuda sin necesidad de declararse en bancarrotaUna propuesta de renegociaci\u00f3n de deuda es un acuerdo legalmente establecido entre usted y sus acreedores ordinarios para liquidar su deuda, a menudo por un monto considerablemente menor que el que debe. Los pagos se realizan en t\u00e9rminos convenientes para usted, por [&hellip;]","og_url":"https:\/\/rossadvisory.ca\/es\/propuesta-de-renegociacion-de-deuda\/","og_site_name":"Ross Advisory Group","article_publisher":"https:\/\/www.facebook.com\/rossadvisory","article_modified_time":"2020-07-21T15:40:31+00:00","og_image":[{"width":1600,"height":312,"url":"https:\/\/rossadvisory.ca\/wp-content\/uploads\/2016\/08\/contact-bg.png","type":"image\/png"}],"twitter_card":"summary_large_image","twitter_site":"@RossAdvisory","twitter_misc":{"Tiempo de lectura":"6 minutos"},"schema":{"@context":"https:\/\/schema.org","@graph":[{"@type":"WebPage","@id":"https:\/\/rossadvisory.ca\/es\/propuesta-de-renegociacion-de-deuda\/","url":"https:\/\/rossadvisory.ca\/es\/propuesta-de-renegociacion-de-deuda\/","name":"Propuesta de renegociaci\u00f3n de deuda - Ross Advisory Group","isPartOf":{"@id":"https:\/\/rossadvisory.ca\/es\/#website"},"primaryImageOfPage":{"@id":"https:\/\/rossadvisory.ca\/es\/propuesta-de-renegociacion-de-deuda\/#primaryimage"},"image":{"@id":"https:\/\/rossadvisory.ca\/es\/propuesta-de-renegociacion-de-deuda\/#primaryimage"},"thumbnailUrl":"https:\/\/rossadvisory.ca\/wp-content\/uploads\/2016\/08\/contact-bg.png","datePublished":"2020-03-03T11:34:57+00:00","dateModified":"2020-07-21T15:40:31+00:00","breadcrumb":{"@id":"https:\/\/rossadvisory.ca\/es\/propuesta-de-renegociacion-de-deuda\/#breadcrumb"},"inLanguage":"es","potentialAction":[{"@type":"ReadAction","target":["https:\/\/rossadvisory.ca\/es\/propuesta-de-renegociacion-de-deuda\/"]}]},{"@type":"ImageObject","inLanguage":"es","@id":"https:\/\/rossadvisory.ca\/es\/propuesta-de-renegociacion-de-deuda\/#primaryimage","url":"https:\/\/rossadvisory.ca\/wp-content\/uploads\/2016\/08\/contact-bg.png","contentUrl":"https:\/\/rossadvisory.ca\/wp-content\/uploads\/2016\/08\/contact-bg.png","width":1600,"height":312},{"@type":"BreadcrumbList","@id":"https:\/\/rossadvisory.ca\/es\/propuesta-de-renegociacion-de-deuda\/#breadcrumb","itemListElement":[{"@type":"ListItem","position":1,"name":"Home","item":"https:\/\/rossadvisory.ca\/es\/"},{"@type":"ListItem","position":2,"name":"Propuesta de renegociaci\u00f3n de deuda"}]},{"@type":"WebSite","@id":"https:\/\/rossadvisory.ca\/es\/#website","url":"https:\/\/rossadvisory.ca\/es\/","name":"Ross Advisory Group","description":"Recuperaci\u00f3n financiera","potentialAction":[{"@type":"SearchAction","target":{"@type":"EntryPoint","urlTemplate":"https:\/\/rossadvisory.ca\/es\/?s={search_term_string}"},"query-input":{"@type":"PropertyValueSpecification","valueRequired":true,"valueName":"search_term_string"}}],"inLanguage":"es"}]}},"_links":{"self":[{"href":"https:\/\/rossadvisory.ca\/es\/wp-json\/wp\/v2\/pages\/2453","targetHints":{"allow":["GET"]}}],"collection":[{"href":"https:\/\/rossadvisory.ca\/es\/wp-json\/wp\/v2\/pages"}],"about":[{"href":"https:\/\/rossadvisory.ca\/es\/wp-json\/wp\/v2\/types\/page"}],"author":[{"embeddable":true,"href":"https:\/\/rossadvisory.ca\/es\/wp-json\/wp\/v2\/users\/2"}],"replies":[{"embeddable":true,"href":"https:\/\/rossadvisory.ca\/es\/wp-json\/wp\/v2\/comments?post=2453"}],"version-history":[{"count":0,"href":"https:\/\/rossadvisory.ca\/es\/wp-json\/wp\/v2\/pages\/2453\/revisions"}],"wp:featuredmedia":[{"embeddable":true,"href":"https:\/\/rossadvisory.ca\/es\/wp-json\/wp\/v2\/media\/2455"}],"wp:attachment":[{"href":"https:\/\/rossadvisory.ca\/es\/wp-json\/wp\/v2\/media?parent=2453"}],"wp:term":[{"taxonomy":"wf_page_folders","embeddable":true,"href":"https:\/\/rossadvisory.ca\/es\/wp-json\/wp\/v2\/wf_page_folders?post=2453"}],"curies":[{"name":"wp","href":"https:\/\/api.w.org\/{rel}","templated":true}]}}