



{"id":2444,"date":"2020-03-03T05:02:27","date_gmt":"2020-03-03T10:02:27","guid":{"rendered":"http:\/\/rossadvisory.ca\/?page_id=2444"},"modified":"2020-07-21T09:59:59","modified_gmt":"2020-07-21T14:59:59","slug":"conoce-a-nuestro-equipo","status":"publish","type":"page","link":"https:\/\/rossadvisory.ca\/es\/conoce-a-nuestro-equipo\/","title":{"rendered":"Conoce a nuestro equipo"},"content":{"rendered":"<p>[et_pb_section fb_built=\u00bb1&#8243; admin_label=\u00bb190728-Row-Header-Banner\u00bb _builder_version=\u00bb3.22.7&#8243; background_image=\u00bbhttps:\/\/rossadvisory.ca\/wp-content\/uploads\/2019\/07\/consumer-bg-1-940&#215;198-1.jpg\u00bb custom_margin=\u00bb0px||\u00bb custom_padding=\u00bb64px||56px|||\u00bb mix_blend_mode=\u00bbmultiply\u00bb saved_tabs=\u00bball\u00bb][et_pb_row use_custom_gutter=\u00bbon\u00bb gutter_width=\u00bb1&#8243; make_equal=\u00bbon\u00bb _builder_version=\u00bb3.25&#8243; width=\u00bb100%\u00bb custom_margin=\u00bb0px||0px|\u00bb custom_padding=\u00bb0px||0px\u00bb][et_pb_column type=\u00bb4_4&#8243; _builder_version=\u00bb3.25&#8243; custom_padding=\u00bb|||\u00bb custom_padding__hover=\u00bb|||\u00bb][et_pb_post_title meta=\u00bboff\u00bb featured_image=\u00bboff\u00bb _builder_version=\u00bb3.22.7&#8243; title_font=\u00bb|700||on|||||\u00bb title_text_align=\u00bbcenter\u00bb title_text_color=\u00bb#ffffff\u00bb title_font_size=\u00bb56px\u00bb title_line_height=\u00bb1.1em\u00bb title_font_size_tablet=\u00bb40px\u00bb title_font_size_phone=\u00bb32px\u00bb title_font_size_last_edited=\u00bbon|phone\u00bb][\/et_pb_post_title][et_pb_divider color=\u00bb#2b87da\u00bb divider_weight=\u00bb4px\u00bb _builder_version=\u00bb3.22.2&#8243; width=\u00bb10%\u00bb width_tablet=\u00bb10%\u00bb width_phone=\u00bb15%\u00bb width_last_edited=\u00bbon|desktop\u00bb module_alignment=\u00bbcenter\u00bb height=\u00bb0px\u00bb custom_margin=\u00bb0px|45%|10px|45%||true\u00bb custom_margin_tablet=\u00bb\u00bb custom_margin_phone=\u00bb|42.5%||42.5%||true\u00bb custom_margin_last_edited=\u00bbon|desktop\u00bb custom_padding=\u00bb0px||0px\u00bb][\/et_pb_divider][\/et_pb_column][\/et_pb_row][\/et_pb_section][et_pb_section fb_built=\u00bb1&#8243; use_custom_gutter=\u00bbon\u00bb gutter_width=\u00bb1&#8243; specialty=\u00bbon\u00bb disabled_on=\u00bboff|off|off\u00bb admin_label=\u00bb190729-team-ross-dtp\u00bb _builder_version=\u00bb3.22.7&#8243; custom_margin=\u00bb||0px\u00bb custom_padding=\u00bb||0px\u00bb][et_pb_column type=\u00bb1_3&#8243; _builder_version=\u00bb3.25&#8243; custom_padding=\u00bb|||\u00bb custom_padding__hover=\u00bb|||\u00bb][et_pb_image src=\u00bbhttps:\/\/rossadvisory.ca\/wp-content\/uploads\/2019\/04\/ross-advisory-group-founder-joel-ross.png\u00bb align=\u00bbcenter\u00bb align_tablet=\u00bbcenter\u00bb align_phone=\u00bb\u00bb align_last_edited=\u00bbon|desktop\u00bb _builder_version=\u00bb3.23&#8243; background_size=\u00bbcontain\u00bb max_width_tablet=\u00bb50%\u00bb max_width_phone=\u00bb50%\u00bb max_width_last_edited=\u00bbon|tablet\u00bb custom_margin=\u00bb-2%||\u00bb][\/et_pb_image][\/et_pb_column][et_pb_column type=\u00bb2_3&#8243; specialty_columns=\u00bb2&#8243; _builder_version=\u00bb3.25&#8243; custom_padding=\u00bb|||\u00bb custom_padding__hover=\u00bb|||\u00bb][et_pb_row_inner _builder_version=\u00bb3.25&#8243; custom_margin=\u00bb0px||0px|\u00bb custom_padding=\u00bb||0px|32px\u00bb][et_pb_column_inner saved_specialty_column_type=\u00bb2_3&#8243; _builder_version=\u00bb3.25&#8243; custom_padding=\u00bb|||\u00bb custom_padding__hover=\u00bb|||\u00bb][et_pb_text _builder_version=\u00bb4.3.4&#8243; header_font=\u00bbOpen Sans|700|||||||\u00bb header_text_color=\u00bb#4a4a4a\u00bb header_font_size=\u00bb58px\u00bb header_line_height=\u00bb56px\u00bb header_2_font=\u00bb||||||||\u00bb custom_margin=\u00bb0px||20px\u00bb custom_padding=\u00bb||10px\u00bb header_font_size_tablet=\u00bb\u00bb header_font_size_phone=\u00bb36px\u00bb header_font_size_last_edited=\u00bbon|desktop\u00bb]<\/p>\n<h1>ACERCA DE\u00a0<span style=\"color: #005d9d; font-weight: normal;\">JOEL ROSS<\/span><\/h1>\n<p>[\/et_pb_text][et_pb_text _builder_version=\u00bb4.3.4&#8243; header_font=\u00bbOpen Sans|700|||||||\u00bb header_text_color=\u00bb#4a4a4a\u00bb header_font_size=\u00bb58px\u00bb header_line_height=\u00bb1.1em\u00bb header_3_font=\u00bbOpen Sans|700|||||||\u00bb header_3_text_color=\u00bb#4a4a4a\u00bb header_3_line_height=\u00bb1.1em\u00bb custom_margin=\u00bb0px||10px\u00bb]<\/p>\n<h3>\u00bfQUI\u00c9N\u00a0<span style=\"color: #005d9d;\">ES?<\/span><\/h3>\n<p>[\/et_pb_text][et_pb_text _builder_version=\u00bb4.3.4&#8243; text_font=\u00bbOpen Sans||||||||\u00bb text_font_size=\u00bb16px\u00bb text_line_height=\u00bb1.56em\u00bb header_font=\u00bbOpen Sans|700|||||||\u00bb header_text_color=\u00bb#4a4a4a\u00bb header_font_size=\u00bb58px\u00bb header_line_height=\u00bb1.1em\u00bb header_3_font=\u00bbOpen Sans|700|||||||\u00bb header_3_text_color=\u00bb#4a4a4a\u00bb custom_margin=\u00bb0px||0px\u00bb custom_padding=\u00bb20px||\u00bb]<\/p>\n<p>Joel es un padre, esposo, fan\u00e1tico del f\u00fatbol y voluntario de la comunidad. Adem\u00e1s, es un administrador concursal con licencia federal que dedica sus d\u00edas a ayudar a las personas a eliminar su deuda.<\/p>\n<p>Despu\u00e9s de trabajar durante m\u00e1s de 10 a\u00f1os en empresas internacionales y especializadas de asesor\u00eda financiera e insolvencia, Joel fund\u00f3 Ross Advisory Group como una empresa de alivio de deuda diferente y enfocada en ofrecer un servicio personalizado, considerado y respetuoso a personas del \u00c1rea Metropolitana de Toronto.<\/p>\n<p>Su servicio comienza con comprender que las personas agobiadas por las deudas merecen una oportunidad de comenzar de nuevo, y sin dolores de cabeza. Durante su carrera, Joel se ha dedicado a ofrecer alivio de deuda a personas de todo tipo de profesi\u00f3n y a empresas de diferentes industrias.<\/p>\n<p>Cuando no est\u00e1 en la oficina, Joel dedica la mayor parte del tiempo a su esposa e hijos. Sus dos hijos peque\u00f1os, ambos excelentes jugadores de f\u00fatbol competitivo, sue\u00f1an con convertirse en futbolistas profesionales en la primera divisi\u00f3n del f\u00fatbol Ingl\u00e9s o en luchadores profesionales (aunque Joel desea que concluyan su carrera primero). La peque\u00f1a hija de Joel aspira a convertirse en una \u201cfabricante de pollos\u201d (no tenemos muy claro lo que eso significa todav\u00eda).<\/p>\n<p>Adem\u00e1s del amor por su familia, la otra pasi\u00f3n de Joel es el alivio de las deudas. Si necesita alivio inmediato de sus deudas, llame a Ross Advisory Group hoy al <strong><a href=\"6476606800\">647-660-6800<\/a><\/strong>. Programe una consulta gratuita y d\u00e9 el primer paso para liberarse de las deudas.<\/p>\n<p>[\/et_pb_text][et_pb_button button_url=\u00bbtel:416-800-8756&#8243; button_text=\u00bbComun\u00edcate con Joel : (416) 800-8756&#8243; button_alignment=\u00bbcenter\u00bb disabled_on=\u00bbon|on|on\u00bb module_class=\u00bbet_w_100%\u00bb _builder_version=\u00bb4.4.9&#8243; custom_button=\u00bbon\u00bb button_text_size=\u00bb21px\u00bb button_text_color=\u00bb#ffffff\u00bb button_bg_color=\u00bb#f06449&#8243; button_border_width=\u00bb2px\u00bb button_border_color=\u00bb#f06449&#8243; button_letter_spacing=\u00bb1px\u00bb button_font=\u00bbOpen Sans|700|||||||\u00bb button_icon=\u00bb%%264%%\u00bb button_icon_placement=\u00bbleft\u00bb button_on_hover=\u00bboff\u00bb custom_margin=\u00bb40px||40px||true\u00bb custom_padding=\u00bb16px||16px||true|true\u00bb disabled=\u00bbon\u00bb button_text_color__hover_enabled=\u00bbon\u00bb button_text_color__hover=\u00bb#23527c\u00bb button_bg_color__hover_enabled=\u00bbon\u00bb button_bg_color__hover=\u00bb#ffffff\u00bb button_border_color__hover_enabled=\u00bbon\u00bb button_border_color__hover=\u00bb#23527c\u00bb][\/et_pb_button][\/et_pb_column_inner][\/et_pb_row_inner][\/et_pb_column][\/et_pb_section][et_pb_section fb_built=\u00bb1&#8243; use_custom_gutter=\u00bbon\u00bb gutter_width=\u00bb1&#8243; specialty=\u00bbon\u00bb disabled_on=\u00bboff|off|off\u00bb admin_label=\u00bb190729-team-janet-dtp\u00bb _builder_version=\u00bb3.22.7&#8243; custom_margin=\u00bb||0px\u00bb custom_padding=\u00bb||\u00bb][et_pb_column type=\u00bb1_3&#8243; _builder_version=\u00bb3.25&#8243; custom_padding=\u00bb|||\u00bb custom_padding__hover=\u00bb|||\u00bb][\/et_pb_column][et_pb_column type=\u00bb2_3&#8243; specialty_columns=\u00bb2&#8243; _builder_version=\u00bb3.25&#8243; custom_padding=\u00bb|||\u00bb custom_padding__hover=\u00bb|||\u00bb][et_pb_row_inner _builder_version=\u00bb3.25&#8243; custom_margin=\u00bb0px||0px\u00bb custom_padding=\u00bb|||33px\u00bb][et_pb_column_inner saved_specialty_column_type=\u00bb2_3&#8243; _builder_version=\u00bb3.25&#8243; custom_padding=\u00bb|||\u00bb custom_padding__hover=\u00bb|||\u00bb][et_pb_text _builder_version=\u00bb4.4.3&#8243; header_font=\u00bbOpen Sans|700||on|||||\u00bb header_text_color=\u00bb#4a4a4a\u00bb header_font_size=\u00bb58px\u00bb header_letter_spacing=\u00bb-3px\u00bb header_line_height=\u00bb1.1em\u00bb custom_margin=\u00bb0px||20px\u00bb custom_padding=\u00bb||10px\u00bb header_font_size_tablet=\u00bb\u00bb header_font_size_phone=\u00bb36px\u00bb header_font_size_last_edited=\u00bbon|desktop\u00bb]<\/p>\n<h1>ACERCA DE <span style=\"color: #005d9d; font-weight: normal;\">Gabriela Arenas<\/span><\/h1>\n<p>[\/et_pb_text][et_pb_text _builder_version=\u00bb4.3.4&#8243; header_font=\u00bbOpen Sans|700|||||||\u00bb header_text_color=\u00bb#4a4a4a\u00bb header_font_size=\u00bb58px\u00bb header_line_height=\u00bb1.1em\u00bb header_3_font=\u00bbOpen Sans|700|||||||\u00bb header_3_text_color=\u00bb#4a4a4a\u00bb header_3_line_height=\u00bb1.1em\u00bb custom_margin=\u00bb0px||10px\u00bb]<\/p>\n<h3>\u00bfQUI\u00c9N\u00a0<span style=\"color: #005d9d;\">ES ELLA?<\/span><\/h3>\n<p>[\/et_pb_text][et_pb_text _builder_version=\u00bb4.4.3&#8243; text_font=\u00bbOpen Sans||||||||\u00bb text_font_size=\u00bb16px\u00bb text_line_height=\u00bb1.56em\u00bb header_font=\u00bbOpen Sans|700|||||||\u00bb header_text_color=\u00bb#4a4a4a\u00bb header_font_size=\u00bb58px\u00bb header_line_height=\u00bb1.1em\u00bb header_3_font=\u00bbOpen Sans|700|||||||\u00bb header_3_text_color=\u00bb#4a4a4a\u00bb custom_margin=\u00bb0px||0px\u00bb custom_padding=\u00bb20px||\u00bb]<\/p>\n<p>Un gran sentido humano y el deseo de impactar positivamente la vida de las personas, han llevado a Gabriela a esta profesi\u00f3n. Ella est\u00e1 convencida que todos tienen el derecho a un nuevo comienzo y su compromiso es ayudar a las personas a mejorar sus vidas financieras.<\/p>\n<p>Gabriela se gradu\u00f3 como Licenciada en Contadur\u00eda y Finanzas en el Instituto Tecnol\u00f3gico y de Estudios Superiores de Monterrey enfocando su carrera en el \u00e1rea de insolvencia con el prop\u00f3sito de contribuir a la sociedad.<\/p>\n<p>Fuera de la oficina, Gabriela es una gran aficionada a la danza y al teatro. Disfruta pasar buenos momentos con sus padres y hermano, quienes son su mayor motivaci\u00f3n. <\/p>\n<p>Gabriela est\u00e1 muy orgullosa de pertenecer a Ross Advisory Group y de trabajar al lado de profesionistas que comparten su deseo por mejorar la vida de las personas.<\/p>\n<p>[\/et_pb_text][et_pb_button button_url=\u00bbtel:647-660-6800&#8243; button_text=\u00bbComun\u00edcate con Gabriela : 647-660-6800&#8243; button_alignment=\u00bbcenter\u00bb module_class=\u00bbet_w_100%\u00bb _builder_version=\u00bb4.4.9&#8243; custom_button=\u00bbon\u00bb button_text_size=\u00bb21px\u00bb button_text_color=\u00bb#ffffff\u00bb button_bg_color=\u00bb#f06449&#8243; button_border_width=\u00bb2px\u00bb button_border_color=\u00bb#f06449&#8243; button_letter_spacing=\u00bb1px\u00bb button_font=\u00bbOpen Sans|700|||||||\u00bb button_icon=\u00bb%%264%%\u00bb button_icon_placement=\u00bbleft\u00bb button_on_hover=\u00bboff\u00bb custom_margin=\u00bb40px||40px||true\u00bb custom_padding=\u00bb16px||16px||true|true\u00bb button_text_color__hover_enabled=\u00bbon\u00bb button_text_color__hover=\u00bb#23527c\u00bb button_bg_color__hover_enabled=\u00bbon\u00bb button_bg_color__hover=\u00bb#ffffff\u00bb button_border_color__hover_enabled=\u00bbon\u00bb button_border_color__hover=\u00bb#23527c\u00bb][\/et_pb_button][\/et_pb_column_inner][\/et_pb_row_inner][\/et_pb_column][\/et_pb_section]<\/p>\n","protected":false},"excerpt":{"rendered":"<p>ACERCA DE\u00a0JOEL ROSS\u00bfQUI\u00c9N\u00a0ES?Joel es un padre, esposo, fan\u00e1tico del f\u00fatbol y voluntario de la comunidad. Adem\u00e1s, es un administrador concursal con licencia federal que dedica sus d\u00edas a ayudar a las personas a eliminar su deuda. Despu\u00e9s de trabajar durante m\u00e1s de 10 a\u00f1os en empresas internacionales y especializadas de asesor\u00eda financiera e insolvencia, Joel [&hellip;]<\/p>\n","protected":false},"author":2,"featured_media":2447,"parent":0,"menu_order":0,"comment_status":"closed","ping_status":"closed","template":"","meta":{"_et_pb_use_builder":"on","_et_pb_old_content":"","_et_gb_content_width":"","footnotes":""},"wf_page_folders":[],"class_list":["post-2444","page","type-page","status-publish","has-post-thumbnail","hentry"],"yoast_head":"<!-- This site is optimized with the Yoast SEO plugin v27.5 - https:\/\/yoast.com\/product\/yoast-seo-wordpress\/ -->\n<title>Conoce a nuestro equipo - Ross Advisory Group<\/title>\n<meta name=\"robots\" content=\"index, follow, max-snippet:-1, max-image-preview:large, max-video-preview:-1\" \/>\n<link rel=\"canonical\" href=\"https:\/\/rossadvisory.ca\/es\/conoce-a-nuestro-equipo\/\" \/>\n<meta property=\"og:locale\" content=\"es_ES\" \/>\n<meta property=\"og:type\" content=\"article\" \/>\n<meta property=\"og:title\" content=\"Conoce a nuestro equipo - Ross Advisory Group\" \/>\n<meta property=\"og:description\" content=\"ACERCA DE\u00a0JOEL ROSS\u00bfQUI\u00c9N\u00a0ES?Joel es un padre, esposo, fan\u00e1tico del f\u00fatbol y voluntario de la comunidad. Adem\u00e1s, es un administrador concursal con licencia federal que dedica sus d\u00edas a ayudar a las personas a eliminar su deuda. Despu\u00e9s de trabajar durante m\u00e1s de 10 a\u00f1os en empresas internacionales y especializadas de asesor\u00eda financiera e insolvencia, Joel [&hellip;]\" \/>\n<meta property=\"og:url\" content=\"https:\/\/rossadvisory.ca\/es\/conoce-a-nuestro-equipo\/\" \/>\n<meta property=\"og:site_name\" content=\"Ross Advisory Group\" \/>\n<meta property=\"article:publisher\" content=\"https:\/\/www.facebook.com\/rossadvisory\" \/>\n<meta property=\"article:modified_time\" content=\"2020-07-21T14:59:59+00:00\" \/>\n<meta property=\"og:image\" content=\"https:\/\/rossadvisory.ca\/wp-content\/uploads\/2016\/08\/consumer-bg-1.png\" \/>\n\t<meta property=\"og:image:width\" content=\"1600\" \/>\n\t<meta property=\"og:image:height\" content=\"312\" \/>\n\t<meta property=\"og:image:type\" content=\"image\/png\" \/>\n<meta name=\"twitter:card\" content=\"summary_large_image\" \/>\n<meta name=\"twitter:site\" content=\"@RossAdvisory\" \/>\n<meta name=\"twitter:label1\" content=\"Tiempo de lectura\" \/>\n\t<meta name=\"twitter:data1\" content=\"7 minutos\" \/>\n<script type=\"application\/ld+json\" class=\"yoast-schema-graph\">{\"@context\":\"https:\\\/\\\/schema.org\",\"@graph\":[{\"@type\":\"WebPage\",\"@id\":\"https:\\\/\\\/rossadvisory.ca\\\/es\\\/conoce-a-nuestro-equipo\\\/\",\"url\":\"https:\\\/\\\/rossadvisory.ca\\\/es\\\/conoce-a-nuestro-equipo\\\/\",\"name\":\"Conoce a nuestro equipo - Ross Advisory Group\",\"isPartOf\":{\"@id\":\"https:\\\/\\\/rossadvisory.ca\\\/es\\\/#website\"},\"primaryImageOfPage\":{\"@id\":\"https:\\\/\\\/rossadvisory.ca\\\/es\\\/conoce-a-nuestro-equipo\\\/#primaryimage\"},\"image\":{\"@id\":\"https:\\\/\\\/rossadvisory.ca\\\/es\\\/conoce-a-nuestro-equipo\\\/#primaryimage\"},\"thumbnailUrl\":\"https:\\\/\\\/rossadvisory.ca\\\/wp-content\\\/uploads\\\/2016\\\/08\\\/consumer-bg-1.png\",\"datePublished\":\"2020-03-03T10:02:27+00:00\",\"dateModified\":\"2020-07-21T14:59:59+00:00\",\"breadcrumb\":{\"@id\":\"https:\\\/\\\/rossadvisory.ca\\\/es\\\/conoce-a-nuestro-equipo\\\/#breadcrumb\"},\"inLanguage\":\"es\",\"potentialAction\":[{\"@type\":\"ReadAction\",\"target\":[\"https:\\\/\\\/rossadvisory.ca\\\/es\\\/conoce-a-nuestro-equipo\\\/\"]}]},{\"@type\":\"ImageObject\",\"inLanguage\":\"es\",\"@id\":\"https:\\\/\\\/rossadvisory.ca\\\/es\\\/conoce-a-nuestro-equipo\\\/#primaryimage\",\"url\":\"https:\\\/\\\/rossadvisory.ca\\\/wp-content\\\/uploads\\\/2016\\\/08\\\/consumer-bg-1.png\",\"contentUrl\":\"https:\\\/\\\/rossadvisory.ca\\\/wp-content\\\/uploads\\\/2016\\\/08\\\/consumer-bg-1.png\",\"width\":1600,\"height\":312},{\"@type\":\"BreadcrumbList\",\"@id\":\"https:\\\/\\\/rossadvisory.ca\\\/es\\\/conoce-a-nuestro-equipo\\\/#breadcrumb\",\"itemListElement\":[{\"@type\":\"ListItem\",\"position\":1,\"name\":\"Home\",\"item\":\"https:\\\/\\\/rossadvisory.ca\\\/es\\\/\"},{\"@type\":\"ListItem\",\"position\":2,\"name\":\"Conoce a nuestro equipo\"}]},{\"@type\":\"WebSite\",\"@id\":\"https:\\\/\\\/rossadvisory.ca\\\/es\\\/#website\",\"url\":\"https:\\\/\\\/rossadvisory.ca\\\/es\\\/\",\"name\":\"Ross Advisory Group\",\"description\":\"Recuperaci\u00f3n financiera\",\"potentialAction\":[{\"@type\":\"SearchAction\",\"target\":{\"@type\":\"EntryPoint\",\"urlTemplate\":\"https:\\\/\\\/rossadvisory.ca\\\/es\\\/?s={search_term_string}\"},\"query-input\":{\"@type\":\"PropertyValueSpecification\",\"valueRequired\":true,\"valueName\":\"search_term_string\"}}],\"inLanguage\":\"es\"}]}<\/script>\n<!-- \/ Yoast SEO plugin. -->","yoast_head_json":{"title":"Conoce a nuestro equipo - Ross Advisory Group","robots":{"index":"index","follow":"follow","max-snippet":"max-snippet:-1","max-image-preview":"max-image-preview:large","max-video-preview":"max-video-preview:-1"},"canonical":"https:\/\/rossadvisory.ca\/es\/conoce-a-nuestro-equipo\/","og_locale":"es_ES","og_type":"article","og_title":"Conoce a nuestro equipo - Ross Advisory Group","og_description":"ACERCA DE\u00a0JOEL ROSS\u00bfQUI\u00c9N\u00a0ES?Joel es un padre, esposo, fan\u00e1tico del f\u00fatbol y voluntario de la comunidad. Adem\u00e1s, es un administrador concursal con licencia federal que dedica sus d\u00edas a ayudar a las personas a eliminar su deuda. Despu\u00e9s de trabajar durante m\u00e1s de 10 a\u00f1os en empresas internacionales y especializadas de asesor\u00eda financiera e insolvencia, Joel [&hellip;]","og_url":"https:\/\/rossadvisory.ca\/es\/conoce-a-nuestro-equipo\/","og_site_name":"Ross Advisory Group","article_publisher":"https:\/\/www.facebook.com\/rossadvisory","article_modified_time":"2020-07-21T14:59:59+00:00","og_image":[{"width":1600,"height":312,"url":"https:\/\/rossadvisory.ca\/wp-content\/uploads\/2016\/08\/consumer-bg-1.png","type":"image\/png"}],"twitter_card":"summary_large_image","twitter_site":"@RossAdvisory","twitter_misc":{"Tiempo de lectura":"7 minutos"},"schema":{"@context":"https:\/\/schema.org","@graph":[{"@type":"WebPage","@id":"https:\/\/rossadvisory.ca\/es\/conoce-a-nuestro-equipo\/","url":"https:\/\/rossadvisory.ca\/es\/conoce-a-nuestro-equipo\/","name":"Conoce a nuestro equipo - Ross Advisory Group","isPartOf":{"@id":"https:\/\/rossadvisory.ca\/es\/#website"},"primaryImageOfPage":{"@id":"https:\/\/rossadvisory.ca\/es\/conoce-a-nuestro-equipo\/#primaryimage"},"image":{"@id":"https:\/\/rossadvisory.ca\/es\/conoce-a-nuestro-equipo\/#primaryimage"},"thumbnailUrl":"https:\/\/rossadvisory.ca\/wp-content\/uploads\/2016\/08\/consumer-bg-1.png","datePublished":"2020-03-03T10:02:27+00:00","dateModified":"2020-07-21T14:59:59+00:00","breadcrumb":{"@id":"https:\/\/rossadvisory.ca\/es\/conoce-a-nuestro-equipo\/#breadcrumb"},"inLanguage":"es","potentialAction":[{"@type":"ReadAction","target":["https:\/\/rossadvisory.ca\/es\/conoce-a-nuestro-equipo\/"]}]},{"@type":"ImageObject","inLanguage":"es","@id":"https:\/\/rossadvisory.ca\/es\/conoce-a-nuestro-equipo\/#primaryimage","url":"https:\/\/rossadvisory.ca\/wp-content\/uploads\/2016\/08\/consumer-bg-1.png","contentUrl":"https:\/\/rossadvisory.ca\/wp-content\/uploads\/2016\/08\/consumer-bg-1.png","width":1600,"height":312},{"@type":"BreadcrumbList","@id":"https:\/\/rossadvisory.ca\/es\/conoce-a-nuestro-equipo\/#breadcrumb","itemListElement":[{"@type":"ListItem","position":1,"name":"Home","item":"https:\/\/rossadvisory.ca\/es\/"},{"@type":"ListItem","position":2,"name":"Conoce a nuestro equipo"}]},{"@type":"WebSite","@id":"https:\/\/rossadvisory.ca\/es\/#website","url":"https:\/\/rossadvisory.ca\/es\/","name":"Ross Advisory Group","description":"Recuperaci\u00f3n financiera","potentialAction":[{"@type":"SearchAction","target":{"@type":"EntryPoint","urlTemplate":"https:\/\/rossadvisory.ca\/es\/?s={search_term_string}"},"query-input":{"@type":"PropertyValueSpecification","valueRequired":true,"valueName":"search_term_string"}}],"inLanguage":"es"}]}},"_links":{"self":[{"href":"https:\/\/rossadvisory.ca\/es\/wp-json\/wp\/v2\/pages\/2444","targetHints":{"allow":["GET"]}}],"collection":[{"href":"https:\/\/rossadvisory.ca\/es\/wp-json\/wp\/v2\/pages"}],"about":[{"href":"https:\/\/rossadvisory.ca\/es\/wp-json\/wp\/v2\/types\/page"}],"author":[{"embeddable":true,"href":"https:\/\/rossadvisory.ca\/es\/wp-json\/wp\/v2\/users\/2"}],"replies":[{"embeddable":true,"href":"https:\/\/rossadvisory.ca\/es\/wp-json\/wp\/v2\/comments?post=2444"}],"version-history":[{"count":0,"href":"https:\/\/rossadvisory.ca\/es\/wp-json\/wp\/v2\/pages\/2444\/revisions"}],"wp:featuredmedia":[{"embeddable":true,"href":"https:\/\/rossadvisory.ca\/es\/wp-json\/wp\/v2\/media\/2447"}],"wp:attachment":[{"href":"https:\/\/rossadvisory.ca\/es\/wp-json\/wp\/v2\/media?parent=2444"}],"wp:term":[{"taxonomy":"wf_page_folders","embeddable":true,"href":"https:\/\/rossadvisory.ca\/es\/wp-json\/wp\/v2\/wf_page_folders?post=2444"}],"curies":[{"name":"wp","href":"https:\/\/api.w.org\/{rel}","templated":true}]}}