



{"id":2429,"date":"2020-03-03T04:29:09","date_gmt":"2020-03-03T09:29:09","guid":{"rendered":"http:\/\/rossadvisory.ca\/?page_id=2429"},"modified":"2020-07-22T09:40:44","modified_gmt":"2020-07-22T14:40:44","slug":"acerca-de-nosotros","status":"publish","type":"page","link":"https:\/\/rossadvisory.ca\/es\/acerca-de-nosotros\/","title":{"rendered":"Acerca de nosotros"},"content":{"rendered":"<p>[et_pb_section fb_built=\u00bb1&#8243; admin_label=\u00bb190728-Row-Header-Banner\u00bb _builder_version=\u00bb3.22.7&#8243; background_image=\u00bbhttps:\/\/rossadvisory.ca\/wp-content\/uploads\/2019\/07\/about-bg-1-1-940&#215;198-1.jpg\u00bb custom_margin=\u00bb0px||\u00bb custom_padding=\u00bb64px||56px|||\u00bb mix_blend_mode=\u00bbmultiply\u00bb saved_tabs=\u00bball\u00bb][et_pb_row use_custom_gutter=\u00bbon\u00bb gutter_width=\u00bb1&#8243; make_equal=\u00bbon\u00bb _builder_version=\u00bb3.25&#8243; width=\u00bb100%\u00bb custom_margin=\u00bb0px||0px|\u00bb custom_padding=\u00bb0px||0px\u00bb][et_pb_column type=\u00bb4_4&#8243; _builder_version=\u00bb3.25&#8243; custom_padding=\u00bb|||\u00bb custom_padding__hover=\u00bb|||\u00bb][et_pb_post_title meta=\u00bboff\u00bb featured_image=\u00bboff\u00bb _builder_version=\u00bb4.3.4&#8243; title_font=\u00bb|700||on|||||\u00bb title_text_align=\u00bbcenter\u00bb title_text_color=\u00bb#ffffff\u00bb title_font_size=\u00bb56px\u00bb title_line_height=\u00bb1.1em\u00bb title_font_size_tablet=\u00bb40px\u00bb title_font_size_phone=\u00bb32px\u00bb title_font_size_last_edited=\u00bbon|phone\u00bb][\/et_pb_post_title][et_pb_divider color=\u00bb#2b87da\u00bb divider_weight=\u00bb4px\u00bb _builder_version=\u00bb3.22.2&#8243; width=\u00bb10%\u00bb width_tablet=\u00bb10%\u00bb width_phone=\u00bb15%\u00bb width_last_edited=\u00bbon|desktop\u00bb module_alignment=\u00bbcenter\u00bb height=\u00bb0px\u00bb custom_margin=\u00bb0px|45%|10px|45%||true\u00bb custom_margin_tablet=\u00bb\u00bb custom_margin_phone=\u00bb|42.5%||42.5%||true\u00bb custom_margin_last_edited=\u00bbon|desktop\u00bb custom_padding=\u00bb0px||0px\u00bb][\/et_pb_divider][\/et_pb_column][\/et_pb_row][\/et_pb_section][et_pb_section fb_built=\u00bb1&#8243; admin_label=\u00bbRow-About-Us-01&#8243; _builder_version=\u00bb3.22.3&#8243;][et_pb_row _builder_version=\u00bb3.25&#8243; custom_margin=\u00bb0px||\u00bb custom_padding=\u00bb0px||\u00bb][et_pb_column type=\u00bb4_4&#8243; _builder_version=\u00bb3.25&#8243; custom_padding=\u00bb|||\u00bb custom_padding__hover=\u00bb|||\u00bb][et_pb_text _builder_version=\u00bb4.3.4&#8243; header_font=\u00bbOpen Sans|700|||||||\u00bb header_text_color=\u00bb#4a4a4a\u00bb header_font_size=\u00bb58px\u00bb header_line_height=\u00bb1.1em\u00bb custom_margin=\u00bb48px||0px\u00bb custom_padding=\u00bb||0px\u00bb]<\/p>\n<h1 style=\"text-align: center;\">ACERCA DE <span style=\"color: #005d9d; font-weight: normal;\">ROSS ADVISORY GROUP<\/span><\/h1>\n<p>[\/et_pb_text][\/et_pb_column][\/et_pb_row][et_pb_row column_structure=\u00bb1_4,3_4&#8243; make_equal=\u00bbon\u00bb _builder_version=\u00bb3.25&#8243;][et_pb_column type=\u00bb1_4&#8243; _builder_version=\u00bb3.25&#8243; custom_padding=\u00bb|||\u00bb custom_padding__hover=\u00bb|||\u00bb][et_pb_image src=\u00bbhttps:\/\/rossadvisory.ca\/wp-content\/uploads\/2020\/04\/our-mission-icon.png\u00bb align=\u00bbcenter\u00bb _builder_version=\u00bb4.4.3&#8243;][\/et_pb_image][\/et_pb_column][et_pb_column type=\u00bb3_4&#8243; _builder_version=\u00bb3.25&#8243; custom_padding=\u00bb|||\u00bb custom_padding__hover=\u00bb|||\u00bb][et_pb_text _builder_version=\u00bb4.3.4&#8243; header_font=\u00bbOpen Sans|700|||||||\u00bb header_text_color=\u00bb#4a4a4a\u00bb header_font_size=\u00bb58px\u00bb header_line_height=\u00bb1.1em\u00bb header_3_font=\u00bbOpen Sans|700|||||||\u00bb header_3_text_color=\u00bb#4a4a4a\u00bb header_3_line_height=\u00bb1.1em\u00bb custom_margin=\u00bb0px||10px\u00bb]<\/p>\n<h3>NUESTRA\u00a0<span style=\"color: #005d9d;\">MISI\u00d3N<\/span><\/h3>\n<p>[\/et_pb_text][et_pb_text _builder_version=\u00bb4.3.4&#8243; text_font=\u00bbOpen Sans||||||||\u00bb text_font_size=\u00bb16px\u00bb text_line_height=\u00bb1.56em\u00bb header_font=\u00bbOpen Sans|700|||||||\u00bb header_text_color=\u00bb#4a4a4a\u00bb header_font_size=\u00bb58px\u00bb header_line_height=\u00bb1.1em\u00bb header_3_font=\u00bbOpen Sans|700|||||||\u00bb header_3_text_color=\u00bb#4a4a4a\u00bb custom_margin=\u00bb0px||0px\u00bb custom_padding=\u00bb20px||\u00bb]<\/p>\n<p>Ayudamos a personas y a empresas a liberarse de sus deudas. \u00a1Es todo lo que hacemos! Y somos muy buenos porque nos apasiona.<\/p>\n<p>Nuestra firma naci\u00f3 del conocimiento de nuestro fundador, Joel Ross, administrador concursal con licencia federal con m\u00e1s de 10 a\u00f1os de experiencia en empresas internacionales y especializadas de asesor\u00eda financiera e insolvencia. Joel ha ayudado a personas de todo tipo de profesi\u00f3n y a empresas de numerosas industrias de Ontario a moverse en el complejo sistema de la insolvencia y emerger libres de deuda.<\/p>\n<p>Desde el principio, Joel se encarg\u00f3 de que Ross Advisory Group fuera una firma destacada a las dem\u00e1s. Hemos visto la manera en que muchas otras firmas de insolvencia operan, y nuestro enfoque est\u00e1 en hacer las cosas distintas.<\/p>\n<p>[\/et_pb_text][et_pb_divider divider_weight=\u00bb2px\u00bb disabled_on=\u00bboff|off|on\u00bb _builder_version=\u00bb3.22.2&#8243; custom_margin=\u00bb40px||0px\u00bb][\/et_pb_divider][\/et_pb_column][\/et_pb_row][et_pb_row column_structure=\u00bb3_4,1_4&#8243; module_class=\u00bbet_wrap_flexbox\u00bb _builder_version=\u00bb3.25&#8243;][et_pb_column type=\u00bb3_4&#8243; module_class=\u00bbet_order_2&#8243; _builder_version=\u00bb3.25&#8243; custom_padding=\u00bb|||\u00bb custom_padding__hover=\u00bb|||\u00bb][et_pb_text _builder_version=\u00bb4.3.4&#8243; header_font=\u00bbOpen Sans|700|||||||\u00bb header_text_color=\u00bb#4a4a4a\u00bb header_font_size=\u00bb58px\u00bb header_line_height=\u00bb1.1em\u00bb header_3_font=\u00bbOpen Sans|700|||||||\u00bb header_3_text_color=\u00bb#4a4a4a\u00bb header_3_line_height=\u00bb1.1em\u00bb custom_margin=\u00bb0px||10px\u00bb]<\/p>\n<h3>LO QUE NOS\u00a0<span style=\"color: #005d9d;\">DIFERENCIA<\/span><\/h3>\n<p>[\/et_pb_text][et_pb_text _builder_version=\u00bb4.3.4&#8243; header_font=\u00bbOpen Sans|700|||||||\u00bb header_text_color=\u00bb#4a4a4a\u00bb header_font_size=\u00bb58px\u00bb header_line_height=\u00bb1.1em\u00bb header_3_font=\u00bbOpen Sans|700|||||||\u00bb header_3_text_color=\u00bb#4a4a4a\u00bb header_3_line_height=\u00bb1.1em\u00bb custom_margin=\u00bb30px||10px\u00bb]<\/p>\n<p>Nuestros servicios nos diferencian. Cuando usted nos llama durante el horario de atenci\u00f3n, respondemos la llamada y la respondemos nosotros, no una computadora, ni un sistema de correo de voz, ni mucho menos alguien en el extranjero. No hay necesidad de esperar a que le devuelvan la llamada; nuestro equipo de trabajo siempre tendr\u00e1 tiempo para atenderlo y aclarar sus dudas.<\/p>\n<p>Cuando visite nuestras oficinas, siempre se reunir\u00e1 con un administrador concursal con licencia federal y no con un administrador j\u00fanior. El administrador ser\u00e1 su recurso de asistencia personal durante el proceso, quien responder\u00e1 sus preguntas y le ayudar\u00e1 a resolver los problemas que surjan. En Ross Advisory Group, recibir\u00e1 un servicio de excelencia desde la primera reuni\u00f3n hasta que concluya el proceso de eliminaci\u00f3n de su deuda.<\/p>\n<p>Nuestra filosof\u00eda de servicio es el pilar de nuestra pr\u00e1ctica profesional.<\/p>\n<p>Si las deudas lo est\u00e1n agobiando y necesita alivio, ll\u00e1menos hoy al <strong><a href=\"tel:tel:6476606800\">647-660-6800<\/a><\/strong>. Pregunte por Gabriela y nosotros evaluaremos su situaci\u00f3n, prepararemos un an\u00e1lisis personalizado que revele las opciones de alivio de su deuda y conversaramos con usted sobre los detalles de cada opci\u00f3n. Adem\u00e1s, cuando se re\u00fana con nosotros, puede tener la tranquilidad de que lo recibiremos con una sonrisa, lo trataremos con respeto y sin prejuicios.<\/p>\n<p>[\/et_pb_text][\/et_pb_column][et_pb_column type=\u00bb1_4&#8243; module_class=\u00bbet_order_1&#8243; _builder_version=\u00bb3.25&#8243; custom_padding=\u00bb|||\u00bb custom_padding__hover=\u00bb|||\u00bb][et_pb_image src=\u00bbhttps:\/\/rossadvisory.ca\/wp-content\/uploads\/2020\/04\/our-values-icon.png\u00bb align=\u00bbcenter\u00bb _builder_version=\u00bb4.4.3&#8243;][\/et_pb_image][\/et_pb_column][\/et_pb_row][\/et_pb_section]<\/p>\n","protected":false},"excerpt":{"rendered":"<p>ACERCA DE ROSS ADVISORY GROUPNUESTRA\u00a0MISI\u00d3NAyudamos a personas y a empresas a liberarse de sus deudas. \u00a1Es todo lo que hacemos! Y somos muy buenos porque nos apasiona. Nuestra firma naci\u00f3 del conocimiento de nuestro fundador, Joel Ross, administrador concursal con licencia federal con m\u00e1s de 10 a\u00f1os de experiencia en empresas internacionales y especializadas de [&hellip;]<\/p>\n","protected":false},"author":2,"featured_media":2430,"parent":0,"menu_order":0,"comment_status":"closed","ping_status":"closed","template":"","meta":{"_et_pb_use_builder":"on","_et_pb_old_content":"<p>[et_pb_section fb_built=\"1\" admin_label=\"190728-Row-Header-Banner\" _builder_version=\"3.22.7\" background_image=\"https:\/\/rossadvisory.ca\/wp-content\/uploads\/2019\/07\/about-bg-1-1-940x198.png\" custom_margin=\"0px||\" custom_padding=\"64px||56px|||\" mix_blend_mode=\"multiply\" saved_tabs=\"all\"][et_pb_row use_custom_gutter=\"on\" gutter_width=\"1\" custom_padding=\"0px||0px\" custom_margin=\"0px||0px|\" make_equal=\"on\" _builder_version=\"3.25\" width=\"100%\"][et_pb_column type=\"4_4\" _builder_version=\"3.25\" custom_padding=\"|||\" custom_padding__hover=\"|||\"][et_pb_post_title meta=\"off\" featured_image=\"off\" _builder_version=\"3.22.7\" title_font=\"|700||on|||||\" title_text_align=\"center\" title_text_color=\"#ffffff\" title_font_size=\"56px\" title_line_height=\"1.1em\" title_font_size_tablet=\"40px\" title_font_size_phone=\"32px\" title_font_size_last_edited=\"on|phone\"][\/et_pb_post_title][et_pb_divider color=\"#2b87da\" divider_weight=\"4px\" _builder_version=\"3.22.2\" width=\"10%\" width_tablet=\"10%\" width_phone=\"15%\" width_last_edited=\"on|desktop\" module_alignment=\"center\" height=\"0px\" custom_margin=\"0px|45%|10px|45%||true\" custom_margin_phone=\"|42.5%||42.5%||true\" custom_margin_last_edited=\"on|desktop\" custom_padding=\"0px||0px\"][\/et_pb_divider][\/et_pb_column][\/et_pb_row][\/et_pb_section][et_pb_section fb_built=\"1\" admin_label=\"Row-About-Us-01\" _builder_version=\"3.22.3\"][et_pb_row custom_padding=\"0px||\" custom_margin=\"0px||\" _builder_version=\"3.25\"][et_pb_column type=\"4_4\" _builder_version=\"3.25\" custom_padding=\"|||\" custom_padding__hover=\"|||\"][et_pb_text _builder_version=\"3.26.5\" header_font=\"Open Sans|700|||||||\" header_text_color=\"#4a4a4a\" header_font_size=\"58px\" header_line_height=\"1.1em\" custom_margin=\"48px||0px\" custom_padding=\"||0px\"]<\/p><h1 style=\"text-align: center;\">ABOUT <span style=\"color: #005d9d; font-weight: normal;\">ROSS ADVISORY GROUP<\/span><\/h1><p>[\/et_pb_text][\/et_pb_column][\/et_pb_row][et_pb_row make_equal=\"on\" _builder_version=\"3.25\" column_structure=\"1_4,3_4\"][et_pb_column type=\"1_4\" _builder_version=\"3.25\" custom_padding=\"|||\" custom_padding__hover=\"|||\"][et_pb_image align_tablet=\"center\" align_last_edited=\"on|desktop\" _builder_version=\"3.23\" background_image=\"https:\/\/rossadvisory.ca\/wp-content\/uploads\/2019\/04\/our-mission-icon-stick-figure-lifting-trend-line-in-chart.png\" background_size=\"contain\" min_height=\"160px\" height=\"200px\"][\/et_pb_image][\/et_pb_column][et_pb_column type=\"3_4\" _builder_version=\"3.25\" custom_padding=\"|||\" custom_padding__hover=\"|||\"][et_pb_text _builder_version=\"3.26.5\" header_font=\"Open Sans|700|||||||\" header_text_color=\"#4a4a4a\" header_font_size=\"58px\" header_line_height=\"1.1em\" header_3_font=\"Open Sans|700|||||||\" header_3_text_color=\"#4a4a4a\" header_3_line_height=\"1.1em\" custom_margin=\"0px||10px\"]<\/p><h3>WHAT <span style=\"color: #005d9d;\">WE DO<\/span><\/h3><p>[\/et_pb_text][et_pb_text _builder_version=\"3.22.2\" text_font=\"Open Sans||||||||\" text_font_size=\"16px\" text_line_height=\"1.56em\" header_font=\"Open Sans|700|||||||\" header_text_color=\"#4a4a4a\" header_font_size=\"58px\" header_line_height=\"1.1em\" header_3_font=\"Open Sans|700|||||||\" header_3_text_color=\"#4a4a4a\" custom_margin=\"0px||0px\" custom_padding=\"20px||\"]<\/p><p>We help people and companies get out of debt. It\u2019s all we do - and we're pretty passionate about it. We\u2019re a firm made in the mould of the experiences of our founder, Joel Ross, a federally-licensed insolvency trustee with over 10 years\u2019 experience at international and boutique insolvency and financial advisory firms. Joel has helped people in all types of professions and companies in many of Ontario's industries navigate the complex insolvency system and emerge debt-free.<\/p><p>From the beginning, Joel has crafted Ross Advisory Group to be a different kind of debt-relief firm. We\u2019ve seen the way some other places operate, and we like to do things a little differently.<\/p><p>[\/et_pb_text][et_pb_divider divider_weight=\"2px\" disabled_on=\"off|off|on\" _builder_version=\"3.22.2\" custom_margin=\"40px||0px\"][\/et_pb_divider][\/et_pb_column][\/et_pb_row][et_pb_row module_class=\"et_wrap_flexbox\" _builder_version=\"3.25\" column_structure=\"3_4,1_4\"][et_pb_column type=\"3_4\" module_class=\"et_order_2\" _builder_version=\"3.25\" custom_padding=\"|||\" custom_padding__hover=\"|||\"][et_pb_text _builder_version=\"3.26.5\" header_font=\"Open Sans|700|||||||\" header_text_color=\"#4a4a4a\" header_font_size=\"58px\" header_line_height=\"1.1em\" header_3_font=\"Open Sans|700|||||||\" header_3_text_color=\"#4a4a4a\" header_3_line_height=\"1.1em\" custom_margin=\"0px||10px\"]<\/p><h3>HOW <span style=\"color: #005d9d;\">WE'RE DIFFERENT<\/span><\/h3><p>[\/et_pb_text][et_pb_text _builder_version=\"3.22.2\" header_font=\"Open Sans|700|||||||\" header_text_color=\"#4a4a4a\" header_font_size=\"58px\" header_line_height=\"1.1em\" header_3_font=\"Open Sans|700|||||||\" header_3_text_color=\"#4a4a4a\" header_3_line_height=\"1.1em\" custom_margin=\"30px||10px\"]<\/p><p>Our service sets us apart. When you call us during business hours, we pick up the phone. Not a computer, not a voicemail system, not someone overseas, not an intake representative. You won't need to wait for a return call - the actual professionals who do the work will always take the time to speak with you.<\/p><p>When you come in to meet us, you always meet with a federally-licensed trustee, not a junior administrator. The trustee will be your personal resource throughout the process, your sounding-board, for answers to questions you may have, or issues you may encounter. At Ross Advisory Group, your experience is seamless, from your first meeting, until you emerge from the process debt free!<\/p><p>Our service philosophy is the bedrock of our professional practice.<\/p><p>If you have crushing debt and need relief, call us today at\u00a0<a href=\"tel:416-800-8756\"><strong>416-800-8756<\/strong><\/a>. Ask for Joel, he'll review your situation, prepare a customized analysis showing your debt relief options, and discuss each option with you in detail. And when you meet us, you can rest assured that we\u2019ll meet you with a welcoming smile, with respect and certainly without judgement.<\/p><p>[\/et_pb_text][et_pb_text _builder_version=\"3.22.2\" text_font=\"Open Sans||||||||\" text_font_size=\"16px\" text_line_height=\"1.56em\" header_font=\"Open Sans|700|||||||\" header_text_color=\"#4a4a4a\" header_font_size=\"58px\" header_line_height=\"1.1em\" header_3_font=\"Open Sans|700|||||||\" header_3_text_color=\"#4a4a4a\" custom_margin=\"0px||0px\" custom_padding=\"20px||\"]<\/p><p>Our service sets us apart. When you call us during business hours, we pick up the phone. Not a computer, not a voicemail system, not someone overseas, not an intake representative. You won't need to wait for a return call - the actual professionals who do the work will always take the time to speak with you.<\/p><p>When you come in to meet us, you always meet with a federally-licensed trustee, not a junior administrator. The trustee will be your personal resource throughout the process, your sounding-board, for answers to questions you may have, or issues you may encounter. At Ross Advisory Group, your experience is seamless, from your first meeting, until you emerge from the process debt free!<\/p><p>Our service philosophy is the bedrock of our professional practice.<\/p><p>If you have crushing debt and need relief, call us today at\u00a0<a href=\"tel:416-800-8756\"><strong>416-800-8756<\/strong><\/a>. Ask for Joel, he'll review your situation, prepare a customized analysis showing your debt relief options, and discuss each option with you in detail. And when you meet us, you can rest assured that we\u2019ll meet you with a welcoming smile, with respect and certainly without judgement.<\/p><p>[\/et_pb_text][\/et_pb_column][et_pb_column type=\"1_4\" module_class=\"et_order_1\" _builder_version=\"3.25\" custom_padding=\"|||\" custom_padding__hover=\"|||\"][et_pb_image align_tablet=\"center\" align_last_edited=\"on|desktop\" _builder_version=\"3.23\" background_image=\"https:\/\/rossadvisory.ca\/wp-content\/uploads\/2019\/04\/our-values-icon-magnifying-glass-examining-bars-in-chart.png\" background_size=\"contain\" min_height=\"160px\" height=\"200px\" custom_margin=\"||28px\" custom_margin_last_edited=\"off|desktop\"][\/et_pb_image][\/et_pb_column][\/et_pb_row][\/et_pb_section]<\/p>","_et_gb_content_width":"","footnotes":""},"wf_page_folders":[],"class_list":["post-2429","page","type-page","status-publish","has-post-thumbnail","hentry"],"yoast_head":"<!-- This site is optimized with the Yoast SEO plugin v27.5 - https:\/\/yoast.com\/product\/yoast-seo-wordpress\/ -->\n<title>Acerca de nosotros - Ross Advisory Group<\/title>\n<meta name=\"robots\" content=\"index, follow, max-snippet:-1, max-image-preview:large, max-video-preview:-1\" \/>\n<link rel=\"canonical\" href=\"https:\/\/rossadvisory.ca\/es\/acerca-de-nosotros\/\" \/>\n<meta property=\"og:locale\" content=\"es_ES\" \/>\n<meta property=\"og:type\" content=\"article\" \/>\n<meta property=\"og:title\" content=\"Acerca de nosotros - Ross Advisory Group\" \/>\n<meta property=\"og:description\" content=\"ACERCA DE ROSS ADVISORY GROUPNUESTRA\u00a0MISI\u00d3NAyudamos a personas y a empresas a liberarse de sus deudas. \u00a1Es todo lo que hacemos! Y somos muy buenos porque nos apasiona. Nuestra firma naci\u00f3 del conocimiento de nuestro fundador, Joel Ross, administrador concursal con licencia federal con m\u00e1s de 10 a\u00f1os de experiencia en empresas internacionales y especializadas de [&hellip;]\" \/>\n<meta property=\"og:url\" content=\"https:\/\/rossadvisory.ca\/es\/acerca-de-nosotros\/\" \/>\n<meta property=\"og:site_name\" content=\"Ross Advisory Group\" \/>\n<meta property=\"article:publisher\" content=\"https:\/\/www.facebook.com\/rossadvisory\" \/>\n<meta property=\"article:modified_time\" content=\"2020-07-22T14:40:44+00:00\" \/>\n<meta property=\"og:image\" content=\"https:\/\/rossadvisory.ca\/wp-content\/uploads\/2016\/08\/about-bg-1-1.png\" \/>\n\t<meta property=\"og:image:width\" content=\"1600\" \/>\n\t<meta property=\"og:image:height\" content=\"312\" \/>\n\t<meta property=\"og:image:type\" content=\"image\/png\" \/>\n<meta name=\"twitter:card\" content=\"summary_large_image\" \/>\n<meta name=\"twitter:site\" content=\"@RossAdvisory\" \/>\n<meta name=\"twitter:label1\" content=\"Tiempo de lectura\" \/>\n\t<meta name=\"twitter:data1\" content=\"5 minutos\" \/>\n<script type=\"application\/ld+json\" class=\"yoast-schema-graph\">{\"@context\":\"https:\\\/\\\/schema.org\",\"@graph\":[{\"@type\":\"WebPage\",\"@id\":\"https:\\\/\\\/rossadvisory.ca\\\/es\\\/acerca-de-nosotros\\\/\",\"url\":\"https:\\\/\\\/rossadvisory.ca\\\/es\\\/acerca-de-nosotros\\\/\",\"name\":\"Acerca de nosotros - Ross Advisory Group\",\"isPartOf\":{\"@id\":\"https:\\\/\\\/rossadvisory.ca\\\/es\\\/#website\"},\"primaryImageOfPage\":{\"@id\":\"https:\\\/\\\/rossadvisory.ca\\\/es\\\/acerca-de-nosotros\\\/#primaryimage\"},\"image\":{\"@id\":\"https:\\\/\\\/rossadvisory.ca\\\/es\\\/acerca-de-nosotros\\\/#primaryimage\"},\"thumbnailUrl\":\"https:\\\/\\\/rossadvisory.ca\\\/wp-content\\\/uploads\\\/2016\\\/08\\\/about-bg-1-1.png\",\"datePublished\":\"2020-03-03T09:29:09+00:00\",\"dateModified\":\"2020-07-22T14:40:44+00:00\",\"breadcrumb\":{\"@id\":\"https:\\\/\\\/rossadvisory.ca\\\/es\\\/acerca-de-nosotros\\\/#breadcrumb\"},\"inLanguage\":\"es\",\"potentialAction\":[{\"@type\":\"ReadAction\",\"target\":[\"https:\\\/\\\/rossadvisory.ca\\\/es\\\/acerca-de-nosotros\\\/\"]}]},{\"@type\":\"ImageObject\",\"inLanguage\":\"es\",\"@id\":\"https:\\\/\\\/rossadvisory.ca\\\/es\\\/acerca-de-nosotros\\\/#primaryimage\",\"url\":\"https:\\\/\\\/rossadvisory.ca\\\/wp-content\\\/uploads\\\/2016\\\/08\\\/about-bg-1-1.png\",\"contentUrl\":\"https:\\\/\\\/rossadvisory.ca\\\/wp-content\\\/uploads\\\/2016\\\/08\\\/about-bg-1-1.png\",\"width\":1600,\"height\":312},{\"@type\":\"BreadcrumbList\",\"@id\":\"https:\\\/\\\/rossadvisory.ca\\\/es\\\/acerca-de-nosotros\\\/#breadcrumb\",\"itemListElement\":[{\"@type\":\"ListItem\",\"position\":1,\"name\":\"Home\",\"item\":\"https:\\\/\\\/rossadvisory.ca\\\/es\\\/\"},{\"@type\":\"ListItem\",\"position\":2,\"name\":\"Acerca de nosotros\"}]},{\"@type\":\"WebSite\",\"@id\":\"https:\\\/\\\/rossadvisory.ca\\\/es\\\/#website\",\"url\":\"https:\\\/\\\/rossadvisory.ca\\\/es\\\/\",\"name\":\"Ross Advisory Group\",\"description\":\"Recuperaci\u00f3n financiera\",\"potentialAction\":[{\"@type\":\"SearchAction\",\"target\":{\"@type\":\"EntryPoint\",\"urlTemplate\":\"https:\\\/\\\/rossadvisory.ca\\\/es\\\/?s={search_term_string}\"},\"query-input\":{\"@type\":\"PropertyValueSpecification\",\"valueRequired\":true,\"valueName\":\"search_term_string\"}}],\"inLanguage\":\"es\"}]}<\/script>\n<!-- \/ Yoast SEO plugin. -->","yoast_head_json":{"title":"Acerca de nosotros - Ross Advisory Group","robots":{"index":"index","follow":"follow","max-snippet":"max-snippet:-1","max-image-preview":"max-image-preview:large","max-video-preview":"max-video-preview:-1"},"canonical":"https:\/\/rossadvisory.ca\/es\/acerca-de-nosotros\/","og_locale":"es_ES","og_type":"article","og_title":"Acerca de nosotros - Ross Advisory Group","og_description":"ACERCA DE ROSS ADVISORY GROUPNUESTRA\u00a0MISI\u00d3NAyudamos a personas y a empresas a liberarse de sus deudas. \u00a1Es todo lo que hacemos! Y somos muy buenos porque nos apasiona. Nuestra firma naci\u00f3 del conocimiento de nuestro fundador, Joel Ross, administrador concursal con licencia federal con m\u00e1s de 10 a\u00f1os de experiencia en empresas internacionales y especializadas de [&hellip;]","og_url":"https:\/\/rossadvisory.ca\/es\/acerca-de-nosotros\/","og_site_name":"Ross Advisory Group","article_publisher":"https:\/\/www.facebook.com\/rossadvisory","article_modified_time":"2020-07-22T14:40:44+00:00","og_image":[{"width":1600,"height":312,"url":"https:\/\/rossadvisory.ca\/wp-content\/uploads\/2016\/08\/about-bg-1-1.png","type":"image\/png"}],"twitter_card":"summary_large_image","twitter_site":"@RossAdvisory","twitter_misc":{"Tiempo de lectura":"5 minutos"},"schema":{"@context":"https:\/\/schema.org","@graph":[{"@type":"WebPage","@id":"https:\/\/rossadvisory.ca\/es\/acerca-de-nosotros\/","url":"https:\/\/rossadvisory.ca\/es\/acerca-de-nosotros\/","name":"Acerca de nosotros - Ross Advisory Group","isPartOf":{"@id":"https:\/\/rossadvisory.ca\/es\/#website"},"primaryImageOfPage":{"@id":"https:\/\/rossadvisory.ca\/es\/acerca-de-nosotros\/#primaryimage"},"image":{"@id":"https:\/\/rossadvisory.ca\/es\/acerca-de-nosotros\/#primaryimage"},"thumbnailUrl":"https:\/\/rossadvisory.ca\/wp-content\/uploads\/2016\/08\/about-bg-1-1.png","datePublished":"2020-03-03T09:29:09+00:00","dateModified":"2020-07-22T14:40:44+00:00","breadcrumb":{"@id":"https:\/\/rossadvisory.ca\/es\/acerca-de-nosotros\/#breadcrumb"},"inLanguage":"es","potentialAction":[{"@type":"ReadAction","target":["https:\/\/rossadvisory.ca\/es\/acerca-de-nosotros\/"]}]},{"@type":"ImageObject","inLanguage":"es","@id":"https:\/\/rossadvisory.ca\/es\/acerca-de-nosotros\/#primaryimage","url":"https:\/\/rossadvisory.ca\/wp-content\/uploads\/2016\/08\/about-bg-1-1.png","contentUrl":"https:\/\/rossadvisory.ca\/wp-content\/uploads\/2016\/08\/about-bg-1-1.png","width":1600,"height":312},{"@type":"BreadcrumbList","@id":"https:\/\/rossadvisory.ca\/es\/acerca-de-nosotros\/#breadcrumb","itemListElement":[{"@type":"ListItem","position":1,"name":"Home","item":"https:\/\/rossadvisory.ca\/es\/"},{"@type":"ListItem","position":2,"name":"Acerca de nosotros"}]},{"@type":"WebSite","@id":"https:\/\/rossadvisory.ca\/es\/#website","url":"https:\/\/rossadvisory.ca\/es\/","name":"Ross Advisory Group","description":"Recuperaci\u00f3n financiera","potentialAction":[{"@type":"SearchAction","target":{"@type":"EntryPoint","urlTemplate":"https:\/\/rossadvisory.ca\/es\/?s={search_term_string}"},"query-input":{"@type":"PropertyValueSpecification","valueRequired":true,"valueName":"search_term_string"}}],"inLanguage":"es"}]}},"_links":{"self":[{"href":"https:\/\/rossadvisory.ca\/es\/wp-json\/wp\/v2\/pages\/2429","targetHints":{"allow":["GET"]}}],"collection":[{"href":"https:\/\/rossadvisory.ca\/es\/wp-json\/wp\/v2\/pages"}],"about":[{"href":"https:\/\/rossadvisory.ca\/es\/wp-json\/wp\/v2\/types\/page"}],"author":[{"embeddable":true,"href":"https:\/\/rossadvisory.ca\/es\/wp-json\/wp\/v2\/users\/2"}],"replies":[{"embeddable":true,"href":"https:\/\/rossadvisory.ca\/es\/wp-json\/wp\/v2\/comments?post=2429"}],"version-history":[{"count":0,"href":"https:\/\/rossadvisory.ca\/es\/wp-json\/wp\/v2\/pages\/2429\/revisions"}],"wp:featuredmedia":[{"embeddable":true,"href":"https:\/\/rossadvisory.ca\/es\/wp-json\/wp\/v2\/media\/2430"}],"wp:attachment":[{"href":"https:\/\/rossadvisory.ca\/es\/wp-json\/wp\/v2\/media?parent=2429"}],"wp:term":[{"taxonomy":"wf_page_folders","embeddable":true,"href":"https:\/\/rossadvisory.ca\/es\/wp-json\/wp\/v2\/wf_page_folders?post=2429"}],"curies":[{"name":"wp","href":"https:\/\/api.w.org\/{rel}","templated":true}]}}